{"id":58915,"date":"2023-09-11T11:02:15","date_gmt":"2023-09-11T08:02:15","guid":{"rendered":"https:\/\/gtc.testmagna.com\/?page_id=58915"},"modified":"2023-09-18T10:30:31","modified_gmt":"2023-09-18T07:30:31","slug":"kvkk","status":"publish","type":"page","link":"https:\/\/www.gtc.com.tr\/en\/kvkk\/","title":{"rendered":"KVKK"},"content":{"rendered":"<div      class=\"vc_row wpb_row section  grid_section\" style=' padding-top:98px; padding-bottom:110px; text-align:center;'><div class=\"section_inner clearfix\"><div class='section_inner_margin clearfix'><div class=\"wpb_column vc_column_container vc_col-sm-12 vc_col-lg-offset-1 vc_col-lg-10 vc_col-md-offset-1 vc_col-md-10\"><div class=\"vc_column-inner vc_custom_1441957752750\"><div class=\"wpb_wrapper\"><div class='q_elements_holder one_column responsive_mode_from_768' ><div class='q_elements_item vertical_alignment_middle horizontal_align_center' data-animation='no'><div class='q_elements_item_inner'><div class='q_elements_item_content q_elements_inner_1185283580' style='text-align:center;'>\n\t<div class=\"wpb_text_column wpb_content_element\">\n\t\t<div class=\"wpb_wrapper\">\n\t\t\t<h2><span style=\"color: #d19800;\">GTC \u0130LET\u0130\u015e\u0130M DANI\u015eMANLIK A.\u015e. INFORMATION TEXT ON THE PROCESSING AND PROTECTION OF PERSONAL DATA<\/span><\/h2>\n\n\t\t<\/div> \n\t<\/div> <\/div><\/div><\/div><\/div><div class=\"separator  transparent\" style=\"border-bottom-width:1px;margin-top:28px;margin-bottom:0px\"><\/div>\n<\/div><\/div><\/div><\/div><\/div><\/div><div      class=\"vc_row wpb_row section  grid_section\" style=' padding-top:10px; padding-bottom:10px; text-align:center;'><div class=\"section_inner clearfix\"><div class='section_inner_margin clearfix'><div class=\"wpb_column vc_column_container vc_col-sm-12\"><div class=\"vc_column-inner\"><div class=\"wpb_wrapper\"><div class=\"separator  transparent\" style=\"\"><\/div>\n<div class='q_elements_holder one_column responsive_mode_from_768' ><div class='q_elements_item vertical_alignment_bottom horizontal_align_left' data-animation='no'><div class='q_elements_item_inner'><div class='q_elements_item_content q_elements_inner_702063815' style='text-align:left;'>\n\t<div class=\"wpb_text_column wpb_content_element\">\n\t\t<div class=\"wpb_wrapper\">\n\t\t\t<p style=\"text-align: left;\">This information text has been prepared within the scope of the obligation to inform regarding the personal data obtained by our Company as the data controller, in accordance with Article 10 of the Personal Data Protection Law No. 6698 and the provisions of the Communiqu\u00e9 on the Procedures and Principles to be Followed in Fulfilling the Notification Obligation published in the Official Gazette No. 30356 dated 10.3.2018.<\/p>\n<p>&nbsp;<\/p>\n<p><strong>1. Data Controller<\/strong><br \/>\nYour personal data transferred to our Communication Consultancy company by our company and\/or its authorized representative within the scope of the Service Agreements you have concluded with our Communication Consultancy company and\/or its authorized representative in accordance with Articles 5.2 and 8.2 of the Personal Data Protection Law No. 6698. <strong>GTC \u0130LET\u0130\u015e\u0130M DANI\u015eMANLIK A.\u015e.<\/strong> It is processed and protected by, as the data controller, within the scope of the Personal Data Protection Law No. 6698 (\u201cLaw\u201d) and its related regulations and in accordance with the following conditions.<\/p>\n<p>&nbsp;<\/p>\n<p><strong>2. Purpose of Processing Your Personal Data<\/strong><br \/>\nYour personal data, within the scope of the contracts you have concluded with our company and\/or its authorized representative, and for purposes such as ensuring the satisfaction of our customers regarding the Communication Consultancy services offered by our company, improving the quality of the services offered by our company and offering new services, and informing you about special campaigns and promotions, within the limits stipulated in the Law. can be processed within.<\/p>\n<p>&nbsp;<\/p>\n<p><strong>3. Transfer of Your Personal Data<\/strong><br \/>\nIn order to achieve the above-mentioned purposes, your personal data will be shared only with our business partners, legally authorized public institutions and organizations and legally authorized private individuals or organizations, within the limits stipulated in the Law and limited to the personal data processing conditions and purposes specified in Articles 8 and 9 of the Law. can be transferred in such a way.<\/p>\n<p>&nbsp;<\/p>\n<p><strong>4. Method and Legal Reason for Collection of Your Personal Data<\/strong><br \/>\nYour personal data, limited to name, surname and contact information, is collected by our company and\/or its authorized representatives within the scope of the service contracts you have concluded with our company and\/or its authorized representatives and to which you are a party, and the orders placed by our company and\/or its authorized representatives to our company as a Communication Consultancy company. It is transferred in accordance with Articles 5.2 and 8.2 of the Personal Data Protection Law No. 6698 in order to individualize the orders and increase the quality during the order, and our Communication Consultancy company also ensures customer satisfaction, increases the quality of the services offered by our company and offers new services, GTC employees, organizations serving GTC. It is collected and stored for the legal period for the purposes of facilitating the requests of their employees or GTC customers, or for the purposes of performing security and risk assessments, fulfilling legal obligations and the requests of other authorized administrative bodies.<\/p>\n<p>&nbsp;<\/p>\n<p><strong>5. Your Rights as a Data Owner<\/strong><br \/>\nAccording to Article 11 of the KVK Law, your rights as a data owner are as follows:<\/p>\n<p><strong>a)<\/strong>\u00a0Learning whether your personal data is being processed or not,<br \/>\n<strong>b)<\/strong>\u00a0Requesting information if your personal data has been processed,<br \/>\n<strong>c)<\/strong>\u00a0Learning the purpose of processing your personal data and whether they are used for their intended purpose,<br \/>\n<strong>D)<\/strong>\u00a0Knowing the third parties to whom your personal data is transferred at home or abroad,<br \/>\n<strong>to)<\/strong>\u00a0Requesting correction of your personal data if it is incomplete or incorrectly processed,<br \/>\n<strong>f)<\/strong>\u00a0Requesting the deletion or destruction of personal data within the framework of the conditions stipulated in the law,<br \/>\n<strong>g)<\/strong>\u00a0Requesting that the transactions made in accordance with paragraphs e and f above be notified to third parties to whom personal data is transferred,<br \/>\n<strong>h)<\/strong>\u00a0Objecting to the emergence of a result that is unfavorable to the individual by analyzing the processed data exclusively through automatic systems,<br \/>\n<strong>I)<\/strong>\u00a0Requesting compensation for the damage in case of damage due to illegal processing of personal data,<\/p>\n<p>&nbsp;<\/p>\n<p>You can submit your request to exercise your above-mentioned rights to our Company in writing or through other methods determined by the Personal Data Protection Board.<\/p>\n<p>&nbsp;<\/p>\n<p>Our company requests your requests in the application; Depending on the nature of the request, it is obliged to finalize it free of charge as soon as possible and within thirty days at the latest. However, if the transaction requires an additional cost, the fee in the tariff determined by the Board may be charged.<\/p>\n<p>&nbsp;<\/p>\n<p>In order to exercise your above-mentioned rights, your name, in writing, in accordance with the provisions of the Communiqu\u00e9 on the Procedures and Principles of Application to the Data Controller, or by using the registered electronic mail (KEP) address, secure electronic signature, mobile signature or the e-mail address previously notified to our company and registered in our company&#039;s system, Your surname and your signature if your application is written, your TR ID number for citizens of the Republic of Turkey, your nationality, passport number or ID number, if any, for foreigners, your residence or workplace address for notification, e-mail address, telephone and fax number for notification if any, and the subject of your request. Using the form below, you can submit your application to our company \u201c\u0130n\u00f6n\u00fc Mahallesi Cumhuriyet Caddesi Mutlu Apt. No:131\/5, \u015ei\u015fli \u2013 \u0130stanbul\u201d by mail, in person or via a notary, or with a secure electronic signature to gtc@gtc.com.tr.<\/p>\n\n\t\t<\/div> \n\t<\/div> <\/div><\/div><\/div><\/div><\/div><\/div><\/div><\/div><\/div><\/div><div      class=\"vc_row wpb_row section\" style='background-image:url(https:\/\/www.gtc.com.tr\/wp-content\/uploads\/2023\/08\/fark-tr.jpg); text-align:center;'><div class=\"full_section_inner clearfix\"><div class=\"wpb_column vc_column_container vc_col-sm-12\"><div class=\"vc_column-inner\"><div class=\"wpb_wrapper\"><div class=\"separator  transparent\" style=\"margin-bottom:899px\"><\/div>\n<\/div><\/div><\/div><\/div><\/div><section      data-speed=\"1\" class=\"parallax_section_holder preload_background   parallax_grid_section\" style = \" min-height:340px; height: auto;  background-image:url('https:\/\/www.gtc.com.tr\/wp-content\/uploads\/2023\/02\/paralax-alt.jpg');\"><div class=\"parallax_content center  parallax_section_inner\" ><div class='parallax_section_inner_margin clearfix'><div class=\"wpb_column vc_column_container vc_col-sm-12\"><div class=\"vc_column-inner\"><div class=\"wpb_wrapper\"><div class=\"separator  transparent\" style=\"margin-top:85px;margin-bottom:0px\"><\/div>\n<div class=\"custom_font_holder\" style=\"font-family: Montserrat; font-size: 46px; line-height: 60px; font-style: normal; font-weight: 800; color: #ffffff; text-decoration: none; letter-spacing: 0px;; text-transform: capitalize; text-align: center\" data-font-size=\"46\" data-line-height=\"60\" ><div  ><p><strong>Manage Your Reputation Effectively<\/strong><\/p>\n<\/div><\/div><div class=\"separator  transparent\" style=\"margin-top:24px;margin-bottom:0px\"><\/div>\n<div class=\"custom_font_holder\" style=\"font-family: Open Sans; font-size: 18px; line-height: 25px; font-style: normal; font-weight: 200; color: #ffffff; text-decoration: none; letter-spacing: 0px;; text-transform: none; text-align: center\" data-font-size=\"18\" data-line-height=\"25\" ><div  ><p><!--StartFragment --><\/p>\n<p class=\"pf0\"><span class=\"cf0\">As GTC, we provide a wide range of strategic communication consultancy services such as media relations, public relations, reputation and crisis management to leading brands in their sectors with our 27 years of experience and expert team in Istanbul and Ankara.<\/span><\/p>\n<p><!--EndFragment --><\/p>\n<\/div><\/div><div class=\"separator  transparent\" style=\"margin-top:49px;margin-bottom:0px\"><\/div>\n<a href=\"https:\/\/gtc.testmagna.com\/iletisim\/\" target=\"_self\"  class=\"qbutton  white qbutton_with_icon icon_right\" style=\"\">Get Information<span aria-hidden=\"true\" class=\"qode_icon_font_elegant arrow_right button_icon\" style=\"width: auto\" ><\/span><\/a><div class=\"separator  transparent\" style=\"margin-top:89px;margin-bottom:0px\"><\/div>\n<\/div><\/div><\/div><\/div><\/div><\/section>","protected":false},"excerpt":{"rendered":"GTC \u0130LET\u0130\u015e\u0130M DANI\u015eMANLIK A.\u015e. K\u0130\u015e\u0130SEL VER\u0130LER\u0130N \u0130\u015eLENMES\u0130 ve KORUNMASINA \u0130L\u0130\u015eK\u0130N AYDINLATMA METN\u0130 Bu bilgilendirme metni 6698 Say\u0131l\u0131 Ki\u015fisel Verilerin Korunmas\u0131 Kanunu 10. maddesi ve 10.3.2018 tarihli 30356 say\u0131l\u0131 Resm\u00ee Gazetede yay\u0131mlanan Ayd\u0131nlatma Y\u00fck\u00fcml\u00fcl\u00fc\u011f\u00fcn\u00fcn Yerine Getirilmesinde Uyulacak Usul ve Esaslar Hakk\u0131nda Tebli\u011f h\u00fck\u00fcmleri gere\u011fince \u015eirketimizin veri...","protected":false},"author":3,"featured_media":0,"parent":0,"menu_order":0,"comment_status":"closed","ping_status":"closed","template":"full_width.php","meta":{"footnotes":""},"class_list":["post-58915","page","type-page","status-publish","hentry"],"yoast_head":"<!-- This site is optimized with the Yoast SEO Premium plugin v21.6 (Yoast SEO v27.6) - https:\/\/yoast.com\/product\/yoast-seo-premium-wordpress\/ -->\n<title>KVKK - Gtc<\/title>\n<meta name=\"robots\" content=\"index, follow, max-snippet:-1, max-image-preview:large, max-video-preview:-1\" \/>\n<link rel=\"canonical\" href=\"https:\/\/www.gtc.com.tr\/en\/kvkk\/\" \/>\n<meta property=\"og:locale\" content=\"en_US\" \/>\n<meta property=\"og:type\" content=\"article\" \/>\n<meta property=\"og:title\" content=\"KVKK\" \/>\n<meta property=\"og:url\" content=\"https:\/\/www.gtc.com.tr\/en\/kvkk\/\" \/>\n<meta property=\"og:site_name\" content=\"Gtc\" \/>\n<meta property=\"article:publisher\" content=\"https:\/\/www.facebook.com\/GTCcommunication\/\" \/>\n<meta property=\"article:modified_time\" content=\"2023-09-18T07:30:31+00:00\" \/>\n<meta name=\"twitter:card\" content=\"summary_large_image\" \/>\n<meta name=\"twitter:site\" content=\"@GTC_iletisim\" \/>\n<meta name=\"twitter:label1\" content=\"Est. reading time\" \/>\n\t<meta name=\"twitter:data1\" content=\"7 minutes\" \/>\n<script type=\"application\/ld+json\" class=\"yoast-schema-graph\">{\"@context\":\"https:\\\/\\\/schema.org\",\"@graph\":[{\"@type\":\"WebPage\",\"@id\":\"https:\\\/\\\/www.gtc.com.tr\\\/kvkk\\\/\",\"url\":\"https:\\\/\\\/www.gtc.com.tr\\\/kvkk\\\/\",\"name\":\"KVKK - Gtc\",\"isPartOf\":{\"@id\":\"https:\\\/\\\/www.gtc.com.tr\\\/#website\"},\"datePublished\":\"2023-09-11T08:02:15+00:00\",\"dateModified\":\"2023-09-18T07:30:31+00:00\",\"breadcrumb\":{\"@id\":\"https:\\\/\\\/www.gtc.com.tr\\\/kvkk\\\/#breadcrumb\"},\"inLanguage\":\"en-US\",\"potentialAction\":[{\"@type\":\"ReadAction\",\"target\":[\"https:\\\/\\\/www.gtc.com.tr\\\/kvkk\\\/\"]}]},{\"@type\":\"BreadcrumbList\",\"@id\":\"https:\\\/\\\/www.gtc.com.tr\\\/kvkk\\\/#breadcrumb\",\"itemListElement\":[{\"@type\":\"ListItem\",\"position\":1,\"name\":\"Home\",\"item\":\"https:\\\/\\\/www.gtc.com.tr\\\/\"},{\"@type\":\"ListItem\",\"position\":2,\"name\":\"KVKK\"}]},{\"@type\":\"WebSite\",\"@id\":\"https:\\\/\\\/www.gtc.com.tr\\\/#website\",\"url\":\"https:\\\/\\\/www.gtc.com.tr\\\/\",\"name\":\"Global Trending Communications\",\"description\":\"Global Trending &amp; Communications\",\"publisher\":{\"@id\":\"https:\\\/\\\/www.gtc.com.tr\\\/#organization\"},\"potentialAction\":[{\"@type\":\"SearchAction\",\"target\":{\"@type\":\"EntryPoint\",\"urlTemplate\":\"https:\\\/\\\/www.gtc.com.tr\\\/?s={search_term_string}\"},\"query-input\":{\"@type\":\"PropertyValueSpecification\",\"valueRequired\":true,\"valueName\":\"search_term_string\"}}],\"inLanguage\":\"en-US\"},{\"@type\":\"Organization\",\"@id\":\"https:\\\/\\\/www.gtc.com.tr\\\/#organization\",\"name\":\"Global Trending Communications\",\"url\":\"https:\\\/\\\/www.gtc.com.tr\\\/\",\"logo\":{\"@type\":\"ImageObject\",\"inLanguage\":\"en-US\",\"@id\":\"https:\\\/\\\/www.gtc.com.tr\\\/#\\\/schema\\\/logo\\\/image\\\/\",\"url\":\"https:\\\/\\\/www.gtc.com.tr\\\/wp-content\\\/uploads\\\/2024\\\/01\\\/GTC-favicon.png\",\"contentUrl\":\"https:\\\/\\\/www.gtc.com.tr\\\/wp-content\\\/uploads\\\/2024\\\/01\\\/GTC-favicon.png\",\"width\":420,\"height\":408,\"caption\":\"Global Trending Communications\"},\"image\":{\"@id\":\"https:\\\/\\\/www.gtc.com.tr\\\/#\\\/schema\\\/logo\\\/image\\\/\"},\"sameAs\":[\"https:\\\/\\\/www.facebook.com\\\/GTCcommunication\\\/\",\"https:\\\/\\\/x.com\\\/GTC_iletisim\",\"https:\\\/\\\/www.linkedin.com\\\/company\\\/gtciletisimdanismanlik\\\/\",\"https:\\\/\\\/www.instagram.com\\\/gtc_communication\\\/\"]}]}<\/script>\n<!-- \/ Yoast SEO Premium plugin. -->","yoast_head_json":{"title":"KVKK - Gtc","robots":{"index":"index","follow":"follow","max-snippet":"max-snippet:-1","max-image-preview":"max-image-preview:large","max-video-preview":"max-video-preview:-1"},"canonical":"https:\/\/www.gtc.com.tr\/en\/kvkk\/","og_locale":"en_US","og_type":"article","og_title":"KVKK","og_url":"https:\/\/www.gtc.com.tr\/en\/kvkk\/","og_site_name":"Gtc","article_publisher":"https:\/\/www.facebook.com\/GTCcommunication\/","article_modified_time":"2023-09-18T07:30:31+00:00","twitter_card":"summary_large_image","twitter_site":"@GTC_iletisim","twitter_misc":{"Est. reading time":"7 minutes"},"schema":{"@context":"https:\/\/schema.org","@graph":[{"@type":"WebPage","@id":"https:\/\/www.gtc.com.tr\/kvkk\/","url":"https:\/\/www.gtc.com.tr\/kvkk\/","name":"KVKK - Gtc","isPartOf":{"@id":"https:\/\/www.gtc.com.tr\/#website"},"datePublished":"2023-09-11T08:02:15+00:00","dateModified":"2023-09-18T07:30:31+00:00","breadcrumb":{"@id":"https:\/\/www.gtc.com.tr\/kvkk\/#breadcrumb"},"inLanguage":"en-US","potentialAction":[{"@type":"ReadAction","target":["https:\/\/www.gtc.com.tr\/kvkk\/"]}]},{"@type":"BreadcrumbList","@id":"https:\/\/www.gtc.com.tr\/kvkk\/#breadcrumb","itemListElement":[{"@type":"ListItem","position":1,"name":"Home","item":"https:\/\/www.gtc.com.tr\/"},{"@type":"ListItem","position":2,"name":"KVKK"}]},{"@type":"WebSite","@id":"https:\/\/www.gtc.com.tr\/#website","url":"https:\/\/www.gtc.com.tr\/","name":"Global Trending Communications","description":"Global Trending &amp; Communications","publisher":{"@id":"https:\/\/www.gtc.com.tr\/#organization"},"potentialAction":[{"@type":"SearchAction","target":{"@type":"EntryPoint","urlTemplate":"https:\/\/www.gtc.com.tr\/?s={search_term_string}"},"query-input":{"@type":"PropertyValueSpecification","valueRequired":true,"valueName":"search_term_string"}}],"inLanguage":"en-US"},{"@type":"Organization","@id":"https:\/\/www.gtc.com.tr\/#organization","name":"Global Trending Communications","url":"https:\/\/www.gtc.com.tr\/","logo":{"@type":"ImageObject","inLanguage":"en-US","@id":"https:\/\/www.gtc.com.tr\/#\/schema\/logo\/image\/","url":"https:\/\/www.gtc.com.tr\/wp-content\/uploads\/2024\/01\/GTC-favicon.png","contentUrl":"https:\/\/www.gtc.com.tr\/wp-content\/uploads\/2024\/01\/GTC-favicon.png","width":420,"height":408,"caption":"Global Trending Communications"},"image":{"@id":"https:\/\/www.gtc.com.tr\/#\/schema\/logo\/image\/"},"sameAs":["https:\/\/www.facebook.com\/GTCcommunication\/","https:\/\/x.com\/GTC_iletisim","https:\/\/www.linkedin.com\/company\/gtciletisimdanismanlik\/","https:\/\/www.instagram.com\/gtc_communication\/"]}]}},"_links":{"self":[{"href":"https:\/\/www.gtc.com.tr\/en\/wp-json\/wp\/v2\/pages\/58915","targetHints":{"allow":["GET"]}}],"collection":[{"href":"https:\/\/www.gtc.com.tr\/en\/wp-json\/wp\/v2\/pages"}],"about":[{"href":"https:\/\/www.gtc.com.tr\/en\/wp-json\/wp\/v2\/types\/page"}],"author":[{"embeddable":true,"href":"https:\/\/www.gtc.com.tr\/en\/wp-json\/wp\/v2\/users\/3"}],"replies":[{"embeddable":true,"href":"https:\/\/www.gtc.com.tr\/en\/wp-json\/wp\/v2\/comments?post=58915"}],"version-history":[{"count":7,"href":"https:\/\/www.gtc.com.tr\/en\/wp-json\/wp\/v2\/pages\/58915\/revisions"}],"predecessor-version":[{"id":58932,"href":"https:\/\/www.gtc.com.tr\/en\/wp-json\/wp\/v2\/pages\/58915\/revisions\/58932"}],"wp:attachment":[{"href":"https:\/\/www.gtc.com.tr\/en\/wp-json\/wp\/v2\/media?parent=58915"}],"curies":[{"name":"wp","href":"https:\/\/api.w.org\/{rel}","templated":true}]}}