{"id":57957,"date":"2023-03-02T10:22:24","date_gmt":"2023-03-02T07:22:24","guid":{"rendered":"https:\/\/gtc.testmagna.com\/?page_id=57957"},"modified":"2026-01-30T16:51:53","modified_gmt":"2026-01-30T13:51:53","slug":"guncel-is-ortaklarimiz","status":"publish","type":"page","link":"https:\/\/www.gtc.com.tr\/en\/our-current-business-partners\/","title":{"rendered":"Business Partners"},"content":{"rendered":"<div      class=\"vc_row wpb_row section\" style=' text-align:center;'><div class=\"full_section_inner clearfix\"><div class=\"wpb_column vc_column_container vc_col-sm-1\"><div class=\"vc_column-inner\"><div class=\"wpb_wrapper\"><\/div><\/div><\/div><div class=\"wpb_column vc_column_container vc_col-sm-10\"><div class=\"vc_column-inner\"><div class=\"wpb_wrapper\"><div class=\"qode_clients clearfix with_borders with_space\"><div class=\"qode_client_holder\"><div class=\"qode_client_holder_inner\"><div class=\"qode_client_image_holder grayscale\"><a href=\"#\" target=\"_blank\"><img decoding=\"async\" src=\"https:\/\/www.gtc.com.tr\/wp-content\/uploads\/2025\/10\/GTC-website-logo-boyutlama-ZEREN.png\" alt=\"\" \/><\/a><\/div><\/div><\/div><div class=\"qode_client_holder\"><div class=\"qode_client_holder_inner\"><div class=\"qode_client_image_holder grayscale\"><a href=\"#\" target=\"_blank\"><img decoding=\"async\" src=\"https:\/\/www.gtc.com.tr\/wp-content\/uploads\/2026\/01\/GTC-website-logo-boyutlama-Gumusoglu.png\" alt=\"\" \/><\/a><\/div><\/div><\/div><div class=\"qode_client_holder\"><div class=\"qode_client_holder_inner\"><div class=\"qode_client_image_holder grayscale\"><a href=\"#\" target=\"_blank\"><img decoding=\"async\" src=\"https:\/\/www.gtc.com.tr\/wp-content\/uploads\/2025\/10\/GTC-website-logo-boyutlama-Sofralar.png\" alt=\"\" \/><\/a><\/div><\/div><\/div><div class=\"qode_client_holder\"><div class=\"qode_client_holder_inner\"><div class=\"qode_client_image_holder grayscale\"><a href=\"#\" target=\"_blank\"><img decoding=\"async\" src=\"https:\/\/www.gtc.com.tr\/wp-content\/uploads\/2025\/06\/senpilic_logo2-1.png\" alt=\"\" \/><\/a><\/div><\/div><\/div><div class=\"qode_client_holder\"><div class=\"qode_client_holder_inner\"><div class=\"qode_client_image_holder grayscale\"><a href=\"#\" target=\"_blank\"><img decoding=\"async\" src=\"https:\/\/www.gtc.com.tr\/wp-content\/uploads\/2025\/06\/BiTaksi-Logo.png\" alt=\"\" \/><\/a><\/div><\/div><\/div><div class=\"qode_client_holder\"><div class=\"qode_client_holder_inner\"><div class=\"qode_client_image_holder grayscale\"><a href=\"#\" target=\"_blank\"><img decoding=\"async\" src=\"https:\/\/www.gtc.com.tr\/wp-content\/uploads\/2025\/06\/ritzBlack.png\" alt=\"\" \/><\/a><\/div><\/div><\/div><div class=\"qode_client_holder\"><div class=\"qode_client_holder_inner\"><div class=\"qode_client_image_holder grayscale\"><a href=\"#\" target=\"_blank\"><img decoding=\"async\" src=\"https:\/\/www.gtc.com.tr\/wp-content\/uploads\/2025\/06\/bodrumbodrumBlack.png\" alt=\"\" \/><\/a><\/div><\/div><\/div><div class=\"qode_client_holder\"><div class=\"qode_client_holder_inner\"><div class=\"qode_client_image_holder grayscale\"><a href=\"#\" target=\"_blank\"><img decoding=\"async\" src=\"https:\/\/www.gtc.com.tr\/wp-content\/uploads\/2025\/06\/akaretler-black.png\" alt=\"\" \/><\/a><\/div><\/div><\/div><div class=\"qode_client_holder\"><div class=\"qode_client_holder_inner\"><div class=\"qode_client_image_holder grayscale\"><a href=\"#\" target=\"_blank\"><img decoding=\"async\" src=\"https:\/\/www.gtc.com.tr\/wp-content\/uploads\/2025\/02\/bilgili-siyah.png\" alt=\"\" \/><\/a><\/div><\/div><\/div><div class=\"qode_client_holder\"><div class=\"qode_client_holder_inner\"><div class=\"qode_client_image_holder grayscale\"><a href=\"#\" target=\"_blank\"><img decoding=\"async\" src=\"https:\/\/www.gtc.com.tr\/wp-content\/uploads\/2025\/02\/blg-capital.png\" alt=\"\" \/><\/a><\/div><\/div><\/div><div class=\"qode_client_holder\"><div class=\"qode_client_holder_inner\"><div class=\"qode_client_image_holder grayscale\"><a href=\"#\" target=\"_blank\"><img decoding=\"async\" src=\"https:\/\/www.gtc.com.tr\/wp-content\/uploads\/2025\/02\/iconichem.jpg\" alt=\"\" \/><\/a><\/div><\/div><\/div><div class=\"qode_client_holder\"><div class=\"qode_client_holder_inner\"><div class=\"qode_client_image_holder grayscale\"><a href=\"#\" target=\"_blank\"><img decoding=\"async\" src=\"https:\/\/www.gtc.com.tr\/wp-content\/uploads\/2023\/03\/boeing.png\" alt=\"\" \/><\/a><\/div><\/div><\/div><div class=\"qode_client_holder\"><div class=\"qode_client_holder_inner\"><div class=\"qode_client_image_holder grayscale\"><a href=\"#\" target=\"_blank\"><img decoding=\"async\" src=\"https:\/\/www.gtc.com.tr\/wp-content\/uploads\/2024\/02\/loreallogo1.png\" alt=\"\" \/><\/a><\/div><\/div><\/div><div class=\"qode_client_holder\"><div class=\"qode_client_holder_inner\"><div class=\"qode_client_image_holder grayscale\"><a href=\"#\" target=\"_blank\"><img decoding=\"async\" src=\"https:\/\/www.gtc.com.tr\/wp-content\/uploads\/2023\/03\/ipragaz.png\" alt=\"\" \/><\/a><\/div><\/div><\/div><div class=\"qode_client_holder\"><div class=\"qode_client_holder_inner\"><div class=\"qode_client_image_holder grayscale\"><a href=\"#\" target=\"_blank\"><img decoding=\"async\" src=\"https:\/\/www.gtc.com.tr\/wp-content\/uploads\/2023\/03\/globallogoo.png\" alt=\"\" \/><\/a><\/div><\/div><\/div><div class=\"qode_client_holder\"><div class=\"qode_client_holder_inner\"><div class=\"qode_client_image_holder grayscale\"><a href=\"#\" target=\"_blank\"><img decoding=\"async\" src=\"https:\/\/www.gtc.com.tr\/wp-content\/uploads\/2023\/10\/kalekim-1.png\" alt=\"\" \/><\/a><\/div><\/div><\/div><div class=\"qode_client_holder\"><div class=\"qode_client_holder_inner\"><div class=\"qode_client_image_holder grayscale\"><a href=\"#\" target=\"_blank\"><img decoding=\"async\" src=\"https:\/\/www.gtc.com.tr\/wp-content\/uploads\/2023\/10\/kalekale.png\" alt=\"\" \/><\/a><\/div><\/div><\/div><div class=\"qode_client_holder\"><div class=\"qode_client_holder_inner\"><div class=\"qode_client_image_holder grayscale\"><a href=\"#\" target=\"_blank\"><img decoding=\"async\" src=\"https:\/\/www.gtc.com.tr\/wp-content\/uploads\/2023\/03\/kamillogo.png\" alt=\"\" \/><\/a><\/div><\/div><\/div><div class=\"qode_client_holder\"><div class=\"qode_client_holder_inner\"><div class=\"qode_client_image_holder grayscale\"><a href=\"#\" target=\"_blank\"><img decoding=\"async\" src=\"https:\/\/www.gtc.com.tr\/wp-content\/uploads\/2023\/03\/man.png\" alt=\"\" \/><\/a><\/div><\/div><\/div><div class=\"qode_client_holder\"><div class=\"qode_client_holder_inner\"><div class=\"qode_client_image_holder grayscale\"><a href=\"#\" target=\"_blank\"><img decoding=\"async\" src=\"https:\/\/www.gtc.com.tr\/wp-content\/uploads\/2023\/03\/tmb.png\" alt=\"\" \/><\/a><\/div><\/div><\/div><div class=\"qode_client_holder\"><div class=\"qode_client_holder_inner\"><div class=\"qode_client_image_holder grayscale\"><a href=\"#\" target=\"_blank\"><img decoding=\"async\" src=\"https:\/\/www.gtc.com.tr\/wp-content\/uploads\/2024\/12\/SOA-Revize-Logo.png\" alt=\"\" \/><\/a><\/div><\/div><\/div><div class=\"qode_client_holder\"><div class=\"qode_client_holder_inner\"><div class=\"qode_client_image_holder grayscale\"><a href=\"#\" target=\"_blank\"><img decoding=\"async\" src=\"https:\/\/www.gtc.com.tr\/wp-content\/uploads\/2023\/03\/polatyollogo.png\" alt=\"\" \/><\/a><\/div><\/div><\/div><div class=\"qode_client_holder\"><div class=\"qode_client_holder_inner\"><div class=\"qode_client_image_holder grayscale\"><a href=\"#\" target=\"_blank\"><img decoding=\"async\" src=\"https:\/\/www.gtc.com.tr\/wp-content\/uploads\/2023\/03\/gulman-1.png\" alt=\"\" \/><\/a><\/div><\/div><\/div><div class=\"qode_client_holder\"><div class=\"qode_client_holder_inner\"><div class=\"qode_client_image_holder grayscale\"><a href=\"#\" target=\"_blank\"><img decoding=\"async\" src=\"https:\/\/www.gtc.com.tr\/wp-content\/uploads\/2023\/03\/termibal.png\" alt=\"\" \/><\/a><\/div><\/div><\/div><div class=\"qode_client_holder\"><div class=\"qode_client_holder_inner\"><div class=\"qode_client_image_holder grayscale\"><a href=\"#\" target=\"_blank\"><img decoding=\"async\" src=\"https:\/\/www.gtc.com.tr\/wp-content\/uploads\/2023\/03\/tabanlioglu.png\" alt=\"\" \/><\/a><\/div><\/div><\/div><div class=\"qode_client_holder\"><div class=\"qode_client_holder_inner\"><div class=\"qode_client_image_holder grayscale\"><a href=\"#\" target=\"_blank\"><img decoding=\"async\" src=\"https:\/\/www.gtc.com.tr\/wp-content\/uploads\/2023\/10\/gco5-1.png\" alt=\"\" \/><\/a><\/div><\/div><\/div><div class=\"qode_client_holder\"><div class=\"qode_client_holder_inner\"><div class=\"qode_client_image_holder grayscale\"><a href=\"#\" target=\"_blank\"><img decoding=\"async\" src=\"https:\/\/www.gtc.com.tr\/wp-content\/uploads\/2024\/02\/globallogo1.png\" alt=\"\" \/><\/a><\/div><\/div><\/div><div class=\"qode_client_holder\"><div class=\"qode_client_holder_inner\"><div class=\"qode_client_image_holder grayscale\"><a href=\"#\" target=\"_blank\"><img decoding=\"async\" src=\"https:\/\/www.gtc.com.tr\/wp-content\/uploads\/2023\/03\/estonsehir.png\" alt=\"\" \/><\/a><\/div><\/div><\/div><div class=\"qode_client_holder\"><div class=\"qode_client_holder_inner\"><div class=\"qode_client_image_holder grayscale\"><a href=\"#\" target=\"_blank\"><img decoding=\"async\" src=\"https:\/\/www.gtc.com.tr\/wp-content\/uploads\/2023\/03\/portslogo.png\" alt=\"\" \/><\/a><\/div><\/div><\/div><div class=\"qode_client_holder\"><div class=\"qode_client_holder_inner\"><div class=\"qode_client_image_holder grayscale\"><a href=\"#\" target=\"_blank\"><img decoding=\"async\" src=\"https:\/\/www.gtc.com.tr\/wp-content\/uploads\/2023\/10\/gco4-1.png\" alt=\"\" \/><\/a><\/div><\/div><\/div><div class=\"qode_client_holder\"><div class=\"qode_client_holder_inner\"><div class=\"qode_client_image_holder grayscale\"><a href=\"#\" target=\"_blank\"><img decoding=\"async\" src=\"https:\/\/www.gtc.com.tr\/wp-content\/uploads\/2023\/10\/gco9-1.png\" alt=\"\" \/><\/a><\/div><\/div><\/div><div class=\"qode_client_holder\"><div class=\"qode_client_holder_inner\"><div class=\"qode_client_image_holder grayscale\"><a href=\"#\" target=\"_blank\"><img decoding=\"async\" src=\"https:\/\/www.gtc.com.tr\/wp-content\/uploads\/2023\/10\/gco-1.png\" alt=\"\" \/><\/a><\/div><\/div><\/div><div class=\"qode_client_holder\"><div class=\"qode_client_holder_inner\"><div class=\"qode_client_image_holder grayscale\"><a href=\"#\" target=\"_blank\"><img decoding=\"async\" src=\"https:\/\/www.gtc.com.tr\/wp-content\/uploads\/2023\/10\/gco2-1.png\" alt=\"\" \/><\/a><\/div><\/div><\/div><div class=\"qode_client_holder\"><div class=\"qode_client_holder_inner\"><div class=\"qode_client_image_holder grayscale\"><a href=\"#\" target=\"_blank\"><img decoding=\"async\" src=\"https:\/\/www.gtc.com.tr\/wp-content\/uploads\/2023\/10\/gco1-1.png\" alt=\"\" \/><\/a><\/div><\/div><\/div><div class=\"qode_client_holder\"><div class=\"qode_client_holder_inner\"><div class=\"qode_client_image_holder grayscale\"><a href=\"#\" target=\"_blank\"><img decoding=\"async\" src=\"https:\/\/www.gtc.com.tr\/wp-content\/uploads\/2024\/07\/akcansa.jpg\" alt=\"\" \/><\/a><\/div><\/div><\/div><div class=\"qode_client_holder\"><div class=\"qode_client_holder_inner\"><div class=\"qode_client_image_holder grayscale\"><a href=\"#\" target=\"_blank\"><img decoding=\"async\" src=\"https:\/\/www.gtc.com.tr\/wp-content\/uploads\/2024\/07\/ge-aerospace.jpg\" alt=\"\" \/><\/a><\/div><\/div><\/div><div class=\"qode_client_holder\"><div class=\"qode_client_holder_inner\"><div class=\"qode_client_image_holder grayscale\"><a href=\"#\" target=\"_blank\"><img decoding=\"async\" src=\"https:\/\/www.gtc.com.tr\/wp-content\/uploads\/2024\/07\/turkiye-surdurulebilir-havacilik-platformu-logo.jpg\" alt=\"\" \/><\/a><\/div><\/div><\/div><div class=\"qode_client_holder\"><div class=\"qode_client_holder_inner\"><div class=\"qode_client_image_holder grayscale\"><a href=\"#\" target=\"_blank\"><img decoding=\"async\" src=\"https:\/\/www.gtc.com.tr\/wp-content\/uploads\/2024\/11\/cengiz-holding.jpg\" alt=\"\" \/><\/a><\/div><\/div><\/div><div class=\"qode_client_holder\"><div class=\"qode_client_holder_inner\"><div class=\"qode_client_image_holder grayscale\"><a href=\"#\" target=\"_blank\"><img decoding=\"async\" src=\"https:\/\/www.gtc.com.tr\/wp-content\/uploads\/2025\/02\/eti-aluminyum.jpg\" alt=\"\" \/><\/a><\/div><\/div><\/div><div class=\"qode_client_holder\"><div class=\"qode_client_holder_inner\"><div class=\"qode_client_image_holder grayscale\"><a href=\"#\" target=\"_blank\"><img decoding=\"async\" src=\"https:\/\/www.gtc.com.tr\/wp-content\/uploads\/2025\/02\/eti-bakir.jpg\" alt=\"\" \/><\/a><\/div><\/div><\/div><\/div><\/div><\/div><\/div><div class=\"wpb_column vc_column_container vc_col-sm-1\"><div class=\"vc_column-inner\"><div class=\"wpb_wrapper\"><\/div><\/div><\/div><\/div><\/div>","protected":false},"excerpt":{"rendered":"","protected":false},"author":3,"featured_media":59545,"parent":0,"menu_order":0,"comment_status":"closed","ping_status":"closed","template":"full_width.php","meta":{"footnotes":""},"class_list":["post-57957","page","type-page","status-publish","has-post-thumbnail","hentry"],"yoast_head":"<!-- This site is optimized with the Yoast SEO Premium plugin v21.6 (Yoast SEO v27.6) - https:\/\/yoast.com\/product\/yoast-seo-premium-wordpress\/ -->\n<title>G\u00fcncel \u0130\u015f Ortaklar\u0131m\u0131z - Gtc<\/title>\n<meta name=\"robots\" content=\"index, follow, max-snippet:-1, max-image-preview:large, max-video-preview:-1\" \/>\n<link rel=\"canonical\" href=\"https:\/\/www.gtc.com.tr\/en\/our-current-business-partners\/\" \/>\n<meta property=\"og:locale\" content=\"en_US\" \/>\n<meta property=\"og:type\" content=\"article\" \/>\n<meta property=\"og:title\" content=\"G\u00fcncel \u0130\u015f Ortaklar\u0131m\u0131z\" \/>\n<meta property=\"og:url\" content=\"https:\/\/www.gtc.com.tr\/en\/our-current-business-partners\/\" \/>\n<meta property=\"og:site_name\" content=\"Gtc\" \/>\n<meta property=\"article:publisher\" content=\"https:\/\/www.facebook.com\/GTCcommunication\/\" \/>\n<meta property=\"article:modified_time\" content=\"2026-01-30T13:51:53+00:00\" \/>\n<meta property=\"og:image\" content=\"https:\/\/www.gtc.com.tr\/wp-content\/uploads\/2024\/07\/referans.jpg\" \/>\n\t<meta property=\"og:image:width\" content=\"1920\" \/>\n\t<meta property=\"og:image:height\" content=\"480\" \/>\n\t<meta property=\"og:image:type\" content=\"image\/jpeg\" \/>\n<meta name=\"twitter:card\" content=\"summary_large_image\" \/>\n<meta name=\"twitter:site\" content=\"@GTC_iletisim\" \/>\n<meta name=\"twitter:label1\" content=\"Est. reading time\" \/>\n\t<meta name=\"twitter:data1\" content=\"5 minutes\" \/>\n<script type=\"application\/ld+json\" class=\"yoast-schema-graph\">{\"@context\":\"https:\\\/\\\/schema.org\",\"@graph\":[{\"@type\":\"WebPage\",\"@id\":\"https:\\\/\\\/www.gtc.com.tr\\\/guncel-is-ortaklarimiz\\\/\",\"url\":\"https:\\\/\\\/www.gtc.com.tr\\\/guncel-is-ortaklarimiz\\\/\",\"name\":\"G\u00fcncel \u0130\u015f Ortaklar\u0131m\u0131z - Gtc\",\"isPartOf\":{\"@id\":\"https:\\\/\\\/www.gtc.com.tr\\\/#website\"},\"primaryImageOfPage\":{\"@id\":\"https:\\\/\\\/www.gtc.com.tr\\\/guncel-is-ortaklarimiz\\\/#primaryimage\"},\"image\":{\"@id\":\"https:\\\/\\\/www.gtc.com.tr\\\/guncel-is-ortaklarimiz\\\/#primaryimage\"},\"thumbnailUrl\":\"https:\\\/\\\/www.gtc.com.tr\\\/wp-content\\\/uploads\\\/2024\\\/07\\\/referans.jpg\",\"datePublished\":\"2023-03-02T07:22:24+00:00\",\"dateModified\":\"2026-01-30T13:51:53+00:00\",\"breadcrumb\":{\"@id\":\"https:\\\/\\\/www.gtc.com.tr\\\/guncel-is-ortaklarimiz\\\/#breadcrumb\"},\"inLanguage\":\"en-US\",\"potentialAction\":[{\"@type\":\"ReadAction\",\"target\":[\"https:\\\/\\\/www.gtc.com.tr\\\/guncel-is-ortaklarimiz\\\/\"]}]},{\"@type\":\"ImageObject\",\"inLanguage\":\"en-US\",\"@id\":\"https:\\\/\\\/www.gtc.com.tr\\\/guncel-is-ortaklarimiz\\\/#primaryimage\",\"url\":\"https:\\\/\\\/www.gtc.com.tr\\\/wp-content\\\/uploads\\\/2024\\\/07\\\/referans.jpg\",\"contentUrl\":\"https:\\\/\\\/www.gtc.com.tr\\\/wp-content\\\/uploads\\\/2024\\\/07\\\/referans.jpg\",\"width\":1920,\"height\":480},{\"@type\":\"BreadcrumbList\",\"@id\":\"https:\\\/\\\/www.gtc.com.tr\\\/guncel-is-ortaklarimiz\\\/#breadcrumb\",\"itemListElement\":[{\"@type\":\"ListItem\",\"position\":1,\"name\":\"Home\",\"item\":\"https:\\\/\\\/www.gtc.com.tr\\\/\"},{\"@type\":\"ListItem\",\"position\":2,\"name\":\"G\u00fcncel \u0130\u015f Ortaklar\u0131m\u0131z\"}]},{\"@type\":\"WebSite\",\"@id\":\"https:\\\/\\\/www.gtc.com.tr\\\/#website\",\"url\":\"https:\\\/\\\/www.gtc.com.tr\\\/\",\"name\":\"Global Trending Communications\",\"description\":\"Global Trending &amp; Communications\",\"publisher\":{\"@id\":\"https:\\\/\\\/www.gtc.com.tr\\\/#organization\"},\"potentialAction\":[{\"@type\":\"SearchAction\",\"target\":{\"@type\":\"EntryPoint\",\"urlTemplate\":\"https:\\\/\\\/www.gtc.com.tr\\\/?s={search_term_string}\"},\"query-input\":{\"@type\":\"PropertyValueSpecification\",\"valueRequired\":true,\"valueName\":\"search_term_string\"}}],\"inLanguage\":\"en-US\"},{\"@type\":\"Organization\",\"@id\":\"https:\\\/\\\/www.gtc.com.tr\\\/#organization\",\"name\":\"Global Trending Communications\",\"url\":\"https:\\\/\\\/www.gtc.com.tr\\\/\",\"logo\":{\"@type\":\"ImageObject\",\"inLanguage\":\"en-US\",\"@id\":\"https:\\\/\\\/www.gtc.com.tr\\\/#\\\/schema\\\/logo\\\/image\\\/\",\"url\":\"https:\\\/\\\/www.gtc.com.tr\\\/wp-content\\\/uploads\\\/2024\\\/01\\\/GTC-favicon.png\",\"contentUrl\":\"https:\\\/\\\/www.gtc.com.tr\\\/wp-content\\\/uploads\\\/2024\\\/01\\\/GTC-favicon.png\",\"width\":420,\"height\":408,\"caption\":\"Global Trending Communications\"},\"image\":{\"@id\":\"https:\\\/\\\/www.gtc.com.tr\\\/#\\\/schema\\\/logo\\\/image\\\/\"},\"sameAs\":[\"https:\\\/\\\/www.facebook.com\\\/GTCcommunication\\\/\",\"https:\\\/\\\/x.com\\\/GTC_iletisim\",\"https:\\\/\\\/www.linkedin.com\\\/company\\\/gtciletisimdanismanlik\\\/\",\"https:\\\/\\\/www.instagram.com\\\/gtc_communication\\\/\"]}]}<\/script>\n<!-- \/ Yoast SEO Premium plugin. -->","yoast_head_json":{"title":"Our Current Business Partners - Gtc","robots":{"index":"index","follow":"follow","max-snippet":"max-snippet:-1","max-image-preview":"max-image-preview:large","max-video-preview":"max-video-preview:-1"},"canonical":"https:\/\/www.gtc.com.tr\/en\/our-current-business-partners\/","og_locale":"en_US","og_type":"article","og_title":"G\u00fcncel \u0130\u015f Ortaklar\u0131m\u0131z","og_url":"https:\/\/www.gtc.com.tr\/en\/our-current-business-partners\/","og_site_name":"Gtc","article_publisher":"https:\/\/www.facebook.com\/GTCcommunication\/","article_modified_time":"2026-01-30T13:51:53+00:00","og_image":[{"width":1920,"height":480,"url":"https:\/\/www.gtc.com.tr\/wp-content\/uploads\/2024\/07\/referans.jpg","type":"image\/jpeg"}],"twitter_card":"summary_large_image","twitter_site":"@GTC_iletisim","twitter_misc":{"Est. reading time":"5 minutes"},"schema":{"@context":"https:\/\/schema.org","@graph":[{"@type":"WebPage","@id":"https:\/\/www.gtc.com.tr\/guncel-is-ortaklarimiz\/","url":"https:\/\/www.gtc.com.tr\/guncel-is-ortaklarimiz\/","name":"Our Current Business Partners - Gtc","isPartOf":{"@id":"https:\/\/www.gtc.com.tr\/#website"},"primaryImageOfPage":{"@id":"https:\/\/www.gtc.com.tr\/guncel-is-ortaklarimiz\/#primaryimage"},"image":{"@id":"https:\/\/www.gtc.com.tr\/guncel-is-ortaklarimiz\/#primaryimage"},"thumbnailUrl":"https:\/\/www.gtc.com.tr\/wp-content\/uploads\/2024\/07\/referans.jpg","datePublished":"2023-03-02T07:22:24+00:00","dateModified":"2026-01-30T13:51:53+00:00","breadcrumb":{"@id":"https:\/\/www.gtc.com.tr\/guncel-is-ortaklarimiz\/#breadcrumb"},"inLanguage":"en-US","potentialAction":[{"@type":"ReadAction","target":["https:\/\/www.gtc.com.tr\/guncel-is-ortaklarimiz\/"]}]},{"@type":"ImageObject","inLanguage":"en-US","@id":"https:\/\/www.gtc.com.tr\/guncel-is-ortaklarimiz\/#primaryimage","url":"https:\/\/www.gtc.com.tr\/wp-content\/uploads\/2024\/07\/referans.jpg","contentUrl":"https:\/\/www.gtc.com.tr\/wp-content\/uploads\/2024\/07\/referans.jpg","width":1920,"height":480},{"@type":"BreadcrumbList","@id":"https:\/\/www.gtc.com.tr\/guncel-is-ortaklarimiz\/#breadcrumb","itemListElement":[{"@type":"ListItem","position":1,"name":"Home","item":"https:\/\/www.gtc.com.tr\/"},{"@type":"ListItem","position":2,"name":"G\u00fcncel \u0130\u015f Ortaklar\u0131m\u0131z"}]},{"@type":"WebSite","@id":"https:\/\/www.gtc.com.tr\/#website","url":"https:\/\/www.gtc.com.tr\/","name":"Global Trending Communications","description":"Global Trending &amp; Communications","publisher":{"@id":"https:\/\/www.gtc.com.tr\/#organization"},"potentialAction":[{"@type":"SearchAction","target":{"@type":"EntryPoint","urlTemplate":"https:\/\/www.gtc.com.tr\/?s={search_term_string}"},"query-input":{"@type":"PropertyValueSpecification","valueRequired":true,"valueName":"search_term_string"}}],"inLanguage":"en-US"},{"@type":"Organization","@id":"https:\/\/www.gtc.com.tr\/#organization","name":"Global Trending Communications","url":"https:\/\/www.gtc.com.tr\/","logo":{"@type":"ImageObject","inLanguage":"en-US","@id":"https:\/\/www.gtc.com.tr\/#\/schema\/logo\/image\/","url":"https:\/\/www.gtc.com.tr\/wp-content\/uploads\/2024\/01\/GTC-favicon.png","contentUrl":"https:\/\/www.gtc.com.tr\/wp-content\/uploads\/2024\/01\/GTC-favicon.png","width":420,"height":408,"caption":"Global Trending Communications"},"image":{"@id":"https:\/\/www.gtc.com.tr\/#\/schema\/logo\/image\/"},"sameAs":["https:\/\/www.facebook.com\/GTCcommunication\/","https:\/\/x.com\/GTC_iletisim","https:\/\/www.linkedin.com\/company\/gtciletisimdanismanlik\/","https:\/\/www.instagram.com\/gtc_communication\/"]}]}},"_links":{"self":[{"href":"https:\/\/www.gtc.com.tr\/en\/wp-json\/wp\/v2\/pages\/57957","targetHints":{"allow":["GET"]}}],"collection":[{"href":"https:\/\/www.gtc.com.tr\/en\/wp-json\/wp\/v2\/pages"}],"about":[{"href":"https:\/\/www.gtc.com.tr\/en\/wp-json\/wp\/v2\/types\/page"}],"author":[{"embeddable":true,"href":"https:\/\/www.gtc.com.tr\/en\/wp-json\/wp\/v2\/users\/3"}],"replies":[{"embeddable":true,"href":"https:\/\/www.gtc.com.tr\/en\/wp-json\/wp\/v2\/comments?post=57957"}],"version-history":[{"count":78,"href":"https:\/\/www.gtc.com.tr\/en\/wp-json\/wp\/v2\/pages\/57957\/revisions"}],"predecessor-version":[{"id":59781,"href":"https:\/\/www.gtc.com.tr\/en\/wp-json\/wp\/v2\/pages\/57957\/revisions\/59781"}],"wp:featuredmedia":[{"embeddable":true,"href":"https:\/\/www.gtc.com.tr\/en\/wp-json\/wp\/v2\/media\/59545"}],"wp:attachment":[{"href":"https:\/\/www.gtc.com.tr\/en\/wp-json\/wp\/v2\/media?parent=57957"}],"curies":[{"name":"wp","href":"https:\/\/api.w.org\/{rel}","templated":true}]}}