{"id":57670,"date":"2023-02-27T09:16:45","date_gmt":"2023-02-27T06:16:45","guid":{"rendered":"https:\/\/gtc.testmagna.com\/?page_id=57670"},"modified":"2025-02-18T15:16:25","modified_gmt":"2025-02-18T12:16:25","slug":"kamu-iliskileri","status":"publish","type":"page","link":"https:\/\/www.gtc.com.tr\/en\/services\/public-relations\/","title":{"rendered":"Public Relations"},"content":{"rendered":"<div      class=\"vc_row wpb_row section\" style='background-image:url(https:\/\/www.gtc.com.tr\/wp-content\/uploads\/2023\/02\/servis-detay-1.jpg); padding-top:178px; padding-bottom:174px; text-align:left;'><div class=\"full_section_inner clearfix\"><div class=\"wpb_column vc_column_container vc_col-sm-8 vc_col-lg-7 vc_col-md-8\"><div class=\"vc_column-inner\"><div class=\"wpb_wrapper\"><div class='q_elements_holder one_column responsive_mode_from_768' ><div class='q_elements_item vertical_alignment_middle horizontal_align_left grow_in' data-animation='no'><div class='q_elements_item_inner'><div class='q_elements_item_content q_elements_inner_1651263453' style='text-align:left;padding:0 10% 0 10%;'><style type=\"text\/css\" data-type=\"q_elements-custom-padding\" scoped>@media only screen and (min-width: 1300px) and (max-width: 1600px) {.q_elements_holder .q_elements_item_content.q_elements_inner_1651263453{padding:0 0% 0 10%!important}}@media only screen and (min-width: 1024px) and (max-width: 1300px) {.q_elements_holder .q_elements_item_content.q_elements_inner_1651263453{padding:0 0 0 0!important}}@media only screen and (min-width: 768px) and (max-width: 1024px) {.q_elements_holder .q_elements_item_content.q_elements_inner_1651263453{padding:0 0 0 0!important}}@media only screen and (min-width: 600px) and (max-width: 768px) {.q_elements_holder .q_elements_item_content.q_elements_inner_1651263453{padding:0 0 0 0!important}}@media only screen and (min-width: 480px) and (max-width: 600px) {.q_elements_holder .q_elements_item_content.q_elements_inner_1651263453{padding:0 0 0 0!important}}@media only screen and (max-width: 480px) {.q_elements_holder .q_elements_item_content.q_elements_inner_1651263453{padding:0 0 0 0!important}}<\/style><div class=\"custom_font_holder\" style=\"font-family: Montserrat; font-size: 68px; line-height: 81px; font-style: normal; font-weight: 700; color: #f5245f; text-decoration: none; letter-spacing: -1px;; text-transform: none; text-align: left\" data-font-size=\"68\" data-line-height=\"81\" ><div  ><h1><span style=\"color: #f7f7f7;\">Public Relations<\/span><\/h1>\n<\/div><\/div><\/div><\/div><\/div><\/div><\/div><\/div><\/div><div class=\"wpb_column vc_column_container vc_col-sm-4 vc_col-lg-5 vc_col-md-4\"><div class=\"vc_column-inner\"><div class=\"wpb_wrapper\">\n\t<div class=\"wpb_text_column wpb_content_element\">\n\t\t<div class=\"wpb_wrapper\">\n\t\t\t\n\t\t<\/div> \n\t<\/div> <\/div><\/div><\/div><\/div><\/div><div      class=\"vc_row wpb_row section  grid_section\" style=' padding-top:98px; padding-bottom:50px; text-align:center;'><div class=\"section_inner clearfix\"><div class='section_inner_margin clearfix'><div class=\"wpb_column vc_column_container vc_col-sm-12 vc_col-lg-offset-1 vc_col-lg-10 vc_col-md-offset-1 vc_col-md-10\"><div class=\"vc_column-inner vc_custom_1441957752750\"><div class=\"wpb_wrapper\"><div class=\"separator  transparent\" style=\"border-bottom-width:1px;margin-top:28px;margin-bottom:0px\"><\/div>\n<div class='q_elements_holder one_column responsive_mode_from_768' ><div class='q_elements_item vertical_alignment_middle horizontal_align_center' data-animation='no'><div class='q_elements_item_inner'><div class='q_elements_item_content q_elements_inner_1961117243' style='text-align:center;'>\n\t<div class=\"wpb_text_column wpb_content_element\">\n\t\t<div class=\"wpb_wrapper\">\n\t\t\t<p><span style=\"color: #949494; font-weight: 300;\">Public Relations; It requires deep knowledge in government, law, economy, defense and many other fields. Being aware of this, we carry out effective communication activities to ensure that a brand protects its reputation, takes steps in line with the agenda and benefits from developments.<\/span><\/p>\n\n\t\t<\/div> \n\t<\/div> <\/div><\/div><\/div><\/div><div class=\"separator  transparent\" style=\"border-bottom-width:1px;margin-top:28px;margin-bottom:0px\"><\/div>\n\n\t<div class=\"wpb_single_image wpb_content_element vc_align_center\">\n\t\t<div class=\"wpb_wrapper\">\n\t\t\t\n\t\t\t<div class=\"vc_single_image-wrapper   vc_box_border_grey\"><img loading=\"lazy\" decoding=\"async\" width=\"800\" height=\"500\" src=\"https:\/\/www.gtc.com.tr\/wp-content\/uploads\/2023\/02\/02-1-1.jpg\" class=\"vc_single_image-img attachment-full\" alt=\"\" title=\"02 (1)\" srcset=\"https:\/\/www.gtc.com.tr\/wp-content\/uploads\/2023\/02\/02-1-1.jpg 800w, https:\/\/www.gtc.com.tr\/wp-content\/uploads\/2023\/02\/02-1-1-300x188.jpg 300w, https:\/\/www.gtc.com.tr\/wp-content\/uploads\/2023\/02\/02-1-1-768x480.jpg 768w, https:\/\/www.gtc.com.tr\/wp-content\/uploads\/2023\/02\/02-1-1-700x438.jpg 700w\" sizes=\"auto, (max-width: 800px) 100vw, 800px\" \/><\/div>\n\t\t<\/div>\n\t<\/div>\n<\/div><\/div><\/div><\/div><\/div><\/div><div      class=\"vc_row wpb_row section  grid_section\" style=' padding-top:100px; text-align:center;'><div class=\"section_inner clearfix\"><div class='section_inner_margin clearfix'><div class=\"wpb_column vc_column_container vc_col-sm-6\"><div class=\"vc_column-inner\"><div class=\"wpb_wrapper\">\n\t<div class=\"wpb_text_column wpb_content_element\">\n\t\t<div class=\"wpb_wrapper\">\n\t\t\t<h2 style=\"text-align: left;\"><span style=\"color: #d19800;\"><strong>Government Relations<\/strong><\/span><\/h2>\n\n\t\t<\/div> \n\t<\/div> <div class=\"separator  transparent\" style=\"border-bottom-width:1px;margin-top:28px;margin-bottom:0px\"><\/div>\n\n\t<div class=\"wpb_text_column wpb_content_element\">\n\t\t<div class=\"wpb_wrapper\">\n\t\t\t<p style=\"text-align: left;\">As GTC, we establish special connections between you and the state with our staff with state experience and our long-standing corporate knowledge. With our command of the state&#039;s unique language, we ensure that your brand establishes the most appropriate communication in this challenging field that requires sensitivity.<\/p>\n\n\t\t<\/div> \n\t<\/div> <\/div><\/div><\/div><div class=\"wpb_column vc_column_container vc_col-sm-6\"><div class=\"vc_column-inner\"><div class=\"wpb_wrapper\">\n\t<div class=\"wpb_text_column wpb_content_element\">\n\t\t<div class=\"wpb_wrapper\">\n\t\t\t<h2 style=\"text-align: left;\"><span style=\"color: #d19800;\"><strong>Strategic Projection and Direction <\/strong><\/span><\/h2>\n\n\t\t<\/div> \n\t<\/div> <div class=\"separator  transparent\" style=\"border-bottom-width:1px;margin-top:28px;margin-bottom:0px\"><\/div>\n\n\t<div class=\"wpb_text_column wpb_content_element\">\n\t\t<div class=\"wpb_wrapper\">\n\t\t\t<p style=\"text-align: left;\">Building a corporate strategy translates vision and mission into actions and results. We draw road maps suitable for your brand by evaluating developments in domestic and foreign politics, national and global economic dynamics, trends in the business world, and issues pointed out by the media.<\/p>\n\n\t\t<\/div> \n\t<\/div> <\/div><\/div><\/div><\/div><\/div><\/div><div      class=\"vc_row wpb_row section\" style=' text-align:center;'><div class=\"full_section_inner clearfix\"><div class=\"wpb_column vc_column_container vc_col-sm-12\"><div class=\"vc_column-inner\"><div class=\"wpb_wrapper\"><div class=\"separator  normal\" style=\"border-color: #ffffff;margin-bottom:50px\"><\/div>\n<\/div><\/div><\/div><\/div><\/div><section      data-speed=\"1\" class=\"parallax_section_holder preload_background   parallax_grid_section\" style = \" min-height:340px; height: auto;  background-image:url('https:\/\/www.gtc.com.tr\/wp-content\/uploads\/2023\/02\/paralax-alt.jpg');\"><div class=\"parallax_content center  parallax_section_inner\" ><div class='parallax_section_inner_margin clearfix'><div class=\"wpb_column vc_column_container vc_col-sm-12\"><div class=\"vc_column-inner\"><div class=\"wpb_wrapper\"><div class=\"separator  transparent\" style=\"margin-top:85px;margin-bottom:0px\"><\/div>\n<div class=\"custom_font_holder\" style=\"font-family: Montserrat; font-size: 46px; line-height: 60px; font-style: normal; font-weight: 800; color: #ffffff; text-decoration: none; letter-spacing: 0px;; text-transform: capitalize; text-align: center\" data-font-size=\"46\" data-line-height=\"60\" ><div  ><p><strong>Manage Your Reputation Effectively<\/strong><\/p>\n<\/div><\/div><div class=\"separator  transparent\" style=\"margin-top:24px;margin-bottom:0px\"><\/div>\n<div class=\"custom_font_holder\" style=\"font-family: Open Sans; font-size: 18px; line-height: 25px; font-style: normal; font-weight: 200; color: #ffffff; text-decoration: none; letter-spacing: 0px;; text-transform: none; text-align: center\" data-font-size=\"18\" data-line-height=\"25\" ><div  ><p><!--StartFragment --><\/p>\n<p class=\"pf0\"><span class=\"cf0\">As GTC, we provide a wide range of strategic communication consultancy services such as media relations, public relations, reputation and crisis management to leading brands in their sectors with our 27 years of experience and expert team in Istanbul and Ankara.<\/span><!--EndFragment --><\/p>\n<\/div><\/div><div class=\"separator  transparent\" style=\"margin-top:49px;margin-bottom:0px\"><\/div>\n<a href=\"https:\/\/www.gtc.com.tr\/en\/communication\/\" target=\"_self\"  class=\"qbutton  white qbutton_with_icon icon_right\" style=\"\">Get Information<span aria-hidden=\"true\" class=\"qode_icon_font_elegant arrow_right button_icon\" style=\"width: auto\" ><\/span><\/a><div class=\"separator  transparent\" style=\"margin-top:89px;margin-bottom:0px\"><\/div>\n<\/div><\/div><\/div><\/div><\/div><\/section>","protected":false},"excerpt":{"rendered":"Kamu \u0130li\u015fkileri Kamu \u0130li\u015fkileri; devlet, hukuk, ekonomi, savunma ve daha bir\u00e7ok alanda derin bilgi sahibi olmay\u0131 gerektirir. Bunun bilincinde olarak bir markan\u0131n itibar\u0131n\u0131 korumas\u0131, g\u00fcndeme uygun ad\u0131mlar atmas\u0131 ve geli\u015fmelerden fayda sa\u011flamas\u0131 i\u00e7in etkili ileti\u015fim \u00e7al\u0131\u015fmalar\u0131 y\u00fcr\u00fct\u00fcyoruz. Devletle \u0130li\u015fkiler GTC olarak devlet deneyimine sahip kadromuz...","protected":false},"author":3,"featured_media":0,"parent":57589,"menu_order":0,"comment_status":"closed","ping_status":"closed","template":"full_width.php","meta":{"footnotes":""},"class_list":["post-57670","page","type-page","status-publish","hentry"],"yoast_head":"<!-- This site is optimized with the Yoast SEO Premium plugin v21.6 (Yoast SEO v27.4) - https:\/\/yoast.com\/product\/yoast-seo-premium-wordpress\/ -->\n<title>Kamu \u0130li\u015fkileri - Gtc<\/title>\n<meta name=\"robots\" content=\"index, follow, max-snippet:-1, max-image-preview:large, max-video-preview:-1\" \/>\n<link rel=\"canonical\" href=\"https:\/\/www.gtc.com.tr\/en\/services\/public-relations\/\" \/>\n<meta property=\"og:locale\" content=\"en_US\" \/>\n<meta property=\"og:type\" content=\"article\" \/>\n<meta property=\"og:title\" content=\"Kamu \u0130li\u015fkileri\" \/>\n<meta property=\"og:url\" content=\"https:\/\/www.gtc.com.tr\/en\/services\/public-relations\/\" \/>\n<meta property=\"og:site_name\" content=\"Gtc\" \/>\n<meta property=\"article:publisher\" content=\"https:\/\/www.facebook.com\/GTCcommunication\/\" \/>\n<meta property=\"article:modified_time\" content=\"2025-02-18T12:16:25+00:00\" \/>\n<meta name=\"twitter:card\" content=\"summary_large_image\" \/>\n<meta name=\"twitter:site\" content=\"@GTC_iletisim\" \/>\n<meta name=\"twitter:label1\" content=\"Est. reading time\" \/>\n\t<meta name=\"twitter:data1\" content=\"4 minutes\" \/>\n<script type=\"application\/ld+json\" class=\"yoast-schema-graph\">{\"@context\":\"https:\\\/\\\/schema.org\",\"@graph\":[{\"@type\":\"WebPage\",\"@id\":\"https:\\\/\\\/www.gtc.com.tr\\\/hizmetler\\\/kamu-iliskileri\\\/\",\"url\":\"https:\\\/\\\/www.gtc.com.tr\\\/hizmetler\\\/kamu-iliskileri\\\/\",\"name\":\"Kamu \u0130li\u015fkileri - Gtc\",\"isPartOf\":{\"@id\":\"https:\\\/\\\/www.gtc.com.tr\\\/#website\"},\"datePublished\":\"2023-02-27T06:16:45+00:00\",\"dateModified\":\"2025-02-18T12:16:25+00:00\",\"breadcrumb\":{\"@id\":\"https:\\\/\\\/www.gtc.com.tr\\\/hizmetler\\\/kamu-iliskileri\\\/#breadcrumb\"},\"inLanguage\":\"en-US\",\"potentialAction\":[{\"@type\":\"ReadAction\",\"target\":[\"https:\\\/\\\/www.gtc.com.tr\\\/hizmetler\\\/kamu-iliskileri\\\/\"]}]},{\"@type\":\"BreadcrumbList\",\"@id\":\"https:\\\/\\\/www.gtc.com.tr\\\/hizmetler\\\/kamu-iliskileri\\\/#breadcrumb\",\"itemListElement\":[{\"@type\":\"ListItem\",\"position\":1,\"name\":\"Home\",\"item\":\"https:\\\/\\\/www.gtc.com.tr\\\/\"},{\"@type\":\"ListItem\",\"position\":2,\"name\":\"Hizmetlerimiz\",\"item\":\"https:\\\/\\\/www.gtc.com.tr\\\/hizmetler\\\/\"},{\"@type\":\"ListItem\",\"position\":3,\"name\":\"Kamu \u0130li\u015fkileri\"}]},{\"@type\":\"WebSite\",\"@id\":\"https:\\\/\\\/www.gtc.com.tr\\\/#website\",\"url\":\"https:\\\/\\\/www.gtc.com.tr\\\/\",\"name\":\"Global Trending Communications\",\"description\":\"Global Trending &amp; Communications\",\"publisher\":{\"@id\":\"https:\\\/\\\/www.gtc.com.tr\\\/#organization\"},\"potentialAction\":[{\"@type\":\"SearchAction\",\"target\":{\"@type\":\"EntryPoint\",\"urlTemplate\":\"https:\\\/\\\/www.gtc.com.tr\\\/?s={search_term_string}\"},\"query-input\":{\"@type\":\"PropertyValueSpecification\",\"valueRequired\":true,\"valueName\":\"search_term_string\"}}],\"inLanguage\":\"en-US\"},{\"@type\":\"Organization\",\"@id\":\"https:\\\/\\\/www.gtc.com.tr\\\/#organization\",\"name\":\"Global Trending Communications\",\"url\":\"https:\\\/\\\/www.gtc.com.tr\\\/\",\"logo\":{\"@type\":\"ImageObject\",\"inLanguage\":\"en-US\",\"@id\":\"https:\\\/\\\/www.gtc.com.tr\\\/#\\\/schema\\\/logo\\\/image\\\/\",\"url\":\"https:\\\/\\\/www.gtc.com.tr\\\/wp-content\\\/uploads\\\/2024\\\/01\\\/GTC-favicon.png\",\"contentUrl\":\"https:\\\/\\\/www.gtc.com.tr\\\/wp-content\\\/uploads\\\/2024\\\/01\\\/GTC-favicon.png\",\"width\":420,\"height\":408,\"caption\":\"Global Trending Communications\"},\"image\":{\"@id\":\"https:\\\/\\\/www.gtc.com.tr\\\/#\\\/schema\\\/logo\\\/image\\\/\"},\"sameAs\":[\"https:\\\/\\\/www.facebook.com\\\/GTCcommunication\\\/\",\"https:\\\/\\\/x.com\\\/GTC_iletisim\",\"https:\\\/\\\/www.linkedin.com\\\/company\\\/gtciletisimdanismanlik\\\/\",\"https:\\\/\\\/www.instagram.com\\\/gtc_communication\\\/\"]}]}<\/script>\n<!-- \/ Yoast SEO Premium plugin. -->","yoast_head_json":{"title":"Public Relations - Gtc","robots":{"index":"index","follow":"follow","max-snippet":"max-snippet:-1","max-image-preview":"max-image-preview:large","max-video-preview":"max-video-preview:-1"},"canonical":"https:\/\/www.gtc.com.tr\/en\/services\/public-relations\/","og_locale":"en_US","og_type":"article","og_title":"Kamu \u0130li\u015fkileri","og_url":"https:\/\/www.gtc.com.tr\/en\/services\/public-relations\/","og_site_name":"Gtc","article_publisher":"https:\/\/www.facebook.com\/GTCcommunication\/","article_modified_time":"2025-02-18T12:16:25+00:00","twitter_card":"summary_large_image","twitter_site":"@GTC_iletisim","twitter_misc":{"Est. reading time":"4 minutes"},"schema":{"@context":"https:\/\/schema.org","@graph":[{"@type":"WebPage","@id":"https:\/\/www.gtc.com.tr\/hizmetler\/kamu-iliskileri\/","url":"https:\/\/www.gtc.com.tr\/hizmetler\/kamu-iliskileri\/","name":"Public Relations - Gtc","isPartOf":{"@id":"https:\/\/www.gtc.com.tr\/#website"},"datePublished":"2023-02-27T06:16:45+00:00","dateModified":"2025-02-18T12:16:25+00:00","breadcrumb":{"@id":"https:\/\/www.gtc.com.tr\/hizmetler\/kamu-iliskileri\/#breadcrumb"},"inLanguage":"en-US","potentialAction":[{"@type":"ReadAction","target":["https:\/\/www.gtc.com.tr\/hizmetler\/kamu-iliskileri\/"]}]},{"@type":"BreadcrumbList","@id":"https:\/\/www.gtc.com.tr\/hizmetler\/kamu-iliskileri\/#breadcrumb","itemListElement":[{"@type":"ListItem","position":1,"name":"Home","item":"https:\/\/www.gtc.com.tr\/"},{"@type":"ListItem","position":2,"name":"Hizmetlerimiz","item":"https:\/\/www.gtc.com.tr\/hizmetler\/"},{"@type":"ListItem","position":3,"name":"Kamu \u0130li\u015fkileri"}]},{"@type":"WebSite","@id":"https:\/\/www.gtc.com.tr\/#website","url":"https:\/\/www.gtc.com.tr\/","name":"Global Trending Communications","description":"Global Trending &amp; Communications","publisher":{"@id":"https:\/\/www.gtc.com.tr\/#organization"},"potentialAction":[{"@type":"SearchAction","target":{"@type":"EntryPoint","urlTemplate":"https:\/\/www.gtc.com.tr\/?s={search_term_string}"},"query-input":{"@type":"PropertyValueSpecification","valueRequired":true,"valueName":"search_term_string"}}],"inLanguage":"en-US"},{"@type":"Organization","@id":"https:\/\/www.gtc.com.tr\/#organization","name":"Global Trending Communications","url":"https:\/\/www.gtc.com.tr\/","logo":{"@type":"ImageObject","inLanguage":"en-US","@id":"https:\/\/www.gtc.com.tr\/#\/schema\/logo\/image\/","url":"https:\/\/www.gtc.com.tr\/wp-content\/uploads\/2024\/01\/GTC-favicon.png","contentUrl":"https:\/\/www.gtc.com.tr\/wp-content\/uploads\/2024\/01\/GTC-favicon.png","width":420,"height":408,"caption":"Global Trending Communications"},"image":{"@id":"https:\/\/www.gtc.com.tr\/#\/schema\/logo\/image\/"},"sameAs":["https:\/\/www.facebook.com\/GTCcommunication\/","https:\/\/x.com\/GTC_iletisim","https:\/\/www.linkedin.com\/company\/gtciletisimdanismanlik\/","https:\/\/www.instagram.com\/gtc_communication\/"]}]}},"_links":{"self":[{"href":"https:\/\/www.gtc.com.tr\/en\/wp-json\/wp\/v2\/pages\/57670","targetHints":{"allow":["GET"]}}],"collection":[{"href":"https:\/\/www.gtc.com.tr\/en\/wp-json\/wp\/v2\/pages"}],"about":[{"href":"https:\/\/www.gtc.com.tr\/en\/wp-json\/wp\/v2\/types\/page"}],"author":[{"embeddable":true,"href":"https:\/\/www.gtc.com.tr\/en\/wp-json\/wp\/v2\/users\/3"}],"replies":[{"embeddable":true,"href":"https:\/\/www.gtc.com.tr\/en\/wp-json\/wp\/v2\/comments?post=57670"}],"version-history":[{"count":51,"href":"https:\/\/www.gtc.com.tr\/en\/wp-json\/wp\/v2\/pages\/57670\/revisions"}],"predecessor-version":[{"id":59667,"href":"https:\/\/www.gtc.com.tr\/en\/wp-json\/wp\/v2\/pages\/57670\/revisions\/59667"}],"up":[{"embeddable":true,"href":"https:\/\/www.gtc.com.tr\/en\/wp-json\/wp\/v2\/pages\/57589"}],"wp:attachment":[{"href":"https:\/\/www.gtc.com.tr\/en\/wp-json\/wp\/v2\/media?parent=57670"}],"curies":[{"name":"wp","href":"https:\/\/api.w.org\/{rel}","templated":true}]}}