{"id":57612,"date":"2023-02-24T14:55:50","date_gmt":"2023-02-24T11:55:50","guid":{"rendered":"https:\/\/gtc.testmagna.com\/?page_id=57612"},"modified":"2025-02-18T15:04:29","modified_gmt":"2025-02-18T12:04:29","slug":"stratejik-iletisim-danismanligi","status":"publish","type":"page","link":"https:\/\/www.gtc.com.tr\/en\/services\/strategic-communication-consultancy\/","title":{"rendered":"Strategic Communication Consultancy"},"content":{"rendered":"<div      class=\"vc_row wpb_row section\" style='background-image:url(https:\/\/www.gtc.com.tr\/wp-content\/uploads\/2023\/02\/servis-detay-1.jpg); padding-top:178px; padding-bottom:174px; text-align:left;'><div class=\"full_section_inner clearfix\"><div class=\"wpb_column vc_column_container vc_col-sm-8 vc_col-lg-7 vc_col-md-8\"><div class=\"vc_column-inner\"><div class=\"wpb_wrapper\"><div class='q_elements_holder one_column responsive_mode_from_768' ><div class='q_elements_item vertical_alignment_middle horizontal_align_left grow_in' data-animation='no'><div class='q_elements_item_inner'><div class='q_elements_item_content q_elements_inner_624486773' style='text-align:left;padding:0 10% 0 10%;'><style type=\"text\/css\" data-type=\"q_elements-custom-padding\" scoped>@media only screen and (min-width: 1300px) and (max-width: 1600px) {.q_elements_holder .q_elements_item_content.q_elements_inner_624486773{padding:0 0% 0 10%!important}}@media only screen and (min-width: 1024px) and (max-width: 1300px) {.q_elements_holder .q_elements_item_content.q_elements_inner_624486773{padding:0 0 0 0!important}}@media only screen and (min-width: 768px) and (max-width: 1024px) {.q_elements_holder .q_elements_item_content.q_elements_inner_624486773{padding:0 0 0 0!important}}@media only screen and (min-width: 600px) and (max-width: 768px) {.q_elements_holder .q_elements_item_content.q_elements_inner_624486773{padding:0 0 0 0!important}}@media only screen and (min-width: 480px) and (max-width: 600px) {.q_elements_holder .q_elements_item_content.q_elements_inner_624486773{padding:0 0 0 0!important}}@media only screen and (max-width: 480px) {.q_elements_holder .q_elements_item_content.q_elements_inner_624486773{padding:0 0 0 0!important}}<\/style><div class=\"custom_font_holder\" style=\"font-family: Montserrat; font-size: 68px; line-height: 81px; font-style: normal; font-weight: 700; color: #f5245f; text-decoration: none; letter-spacing: -1px;; text-transform: none; text-align: left\" data-font-size=\"68\" data-line-height=\"81\" ><div  ><h1><span style=\"color: #f7f7f7;\">Strategic Communication Consultancy<\/span><\/h1>\n<\/div><\/div><\/div><\/div><\/div><\/div><\/div><\/div><\/div><div class=\"wpb_column vc_column_container vc_col-sm-4 vc_col-lg-5 vc_col-md-4\"><div class=\"vc_column-inner\"><div class=\"wpb_wrapper\">\n\t<div class=\"wpb_text_column wpb_content_element\">\n\t\t<div class=\"wpb_wrapper\">\n\t\t\t\n\t\t<\/div> \n\t<\/div> <\/div><\/div><\/div><\/div><\/div><div      class=\"vc_row wpb_row section  grid_section\" style=' padding-top:98px; padding-bottom:50px; text-align:center;'><div class=\"section_inner clearfix\"><div class='section_inner_margin clearfix'><div class=\"wpb_column vc_column_container vc_col-sm-12 vc_col-lg-offset-1 vc_col-lg-10 vc_col-md-offset-1 vc_col-md-10\"><div class=\"vc_column-inner vc_custom_1441957752750\"><div class=\"wpb_wrapper\"><div class='q_elements_holder one_column responsive_mode_from_768' ><div class='q_elements_item vertical_alignment_middle horizontal_align_center' data-animation='no'><div class='q_elements_item_inner'><div class='q_elements_item_content q_elements_inner_64203667' style='text-align:center;'><\/div><\/div><\/div><\/div><div class=\"separator  transparent\" style=\"border-bottom-width:1px;margin-top:28px;margin-bottom:0px\"><\/div>\n<div class='q_elements_holder one_column responsive_mode_from_768' ><div class='q_elements_item vertical_alignment_middle horizontal_align_center' data-animation='no'><div class='q_elements_item_inner'><div class='q_elements_item_content q_elements_inner_523893446' style='text-align:center;'>\n\t<div class=\"wpb_text_column wpb_content_element\">\n\t\t<div class=\"wpb_wrapper\">\n\t\t\t<p><strong>As GTC Agency, we advise companies, individuals, governments and organizations on solving complex communication challenges. We support our business partners to build and manage the profile and position they demand. We create solid strategies to repair unwanted communication damage and protect their reputation.<\/strong><\/p>\n\n\t\t<\/div> \n\t<\/div> <\/div><\/div><\/div><\/div><div class=\"separator  transparent\" style=\"border-bottom-width:1px;margin-top:28px;margin-bottom:0px\"><\/div>\n\n\t<div class=\"wpb_single_image wpb_content_element vc_align_center\">\n\t\t<div class=\"wpb_wrapper\">\n\t\t\t\n\t\t\t<div class=\"vc_single_image-wrapper   vc_box_border_grey\"><img loading=\"lazy\" decoding=\"async\" width=\"800\" height=\"500\" src=\"https:\/\/www.gtc.com.tr\/wp-content\/uploads\/2023\/02\/01-1.jpg\" class=\"vc_single_image-img attachment-full\" alt=\"\" title=\"01\" srcset=\"https:\/\/www.gtc.com.tr\/wp-content\/uploads\/2023\/02\/01-1.jpg 800w, https:\/\/www.gtc.com.tr\/wp-content\/uploads\/2023\/02\/01-1-300x188.jpg 300w, https:\/\/www.gtc.com.tr\/wp-content\/uploads\/2023\/02\/01-1-768x480.jpg 768w, https:\/\/www.gtc.com.tr\/wp-content\/uploads\/2023\/02\/01-1-700x438.jpg 700w\" sizes=\"auto, (max-width: 800px) 100vw, 800px\" \/><\/div>\n\t\t<\/div>\n\t<\/div>\n<\/div><\/div><\/div><\/div><\/div><\/div><div      class=\"vc_row wpb_row section  grid_section\" style=' padding-top:100px; text-align:center;'><div class=\"section_inner clearfix\"><div class='section_inner_margin clearfix'><div class=\"wpb_column vc_column_container vc_col-sm-6\"><div class=\"vc_column-inner\"><div class=\"wpb_wrapper\">\n\t<div class=\"wpb_text_column wpb_content_element\">\n\t\t<div class=\"wpb_wrapper\">\n\t\t\t<h3 style=\"text-align: left;\"><span style=\"color: #d19800;\"><strong>Corporate Reputation Management<\/strong><\/span><\/h3>\n\n\t\t<\/div> \n\t<\/div> <div class=\"separator  transparent\" style=\"border-bottom-width:1px;margin-top:28px;margin-bottom:0px\"><\/div>\n\n\t<div class=\"wpb_text_column wpb_content_element\">\n\t\t<div class=\"wpb_wrapper\">\n\t\t\t<h4 style=\"text-align: left;\">We help you reposition and strengthen your company by analyzing your brand&#039;s current reputation. It follows a more effective, cyclical and goal-oriented strategy to establish and maintain corporate reputation; We take proactive and original actions to protect it.<\/h4>\n\n\t\t<\/div> \n\t<\/div> <\/div><\/div><\/div><div class=\"wpb_column vc_column_container vc_col-sm-6\"><div class=\"vc_column-inner\"><div class=\"wpb_wrapper\">\n\t<div class=\"wpb_text_column wpb_content_element\">\n\t\t<div class=\"wpb_wrapper\">\n\t\t\t<h3 style=\"text-align: left;\"><span style=\"color: #d19800;\"><strong>Leadership Communication<\/strong><\/span><\/h3>\n\n\t\t<\/div> \n\t<\/div> <div class=\"separator  transparent\" style=\"border-bottom-width:1px;margin-top:28px;margin-bottom:0px\"><\/div>\n\n\t<div class=\"wpb_text_column wpb_content_element\">\n\t\t<div class=\"wpb_wrapper\">\n\t\t\t<h4 style=\"text-align: left;\">With consultancy and guidance services, we help you convey simple, clear and persuasive messages to the target audience. We guide you in carrying out flawless leadership communication that has a positive impact, taking into account your brand&#039;s image, corporate expectations and commercial concerns.<\/h4>\n\n\t\t<\/div> \n\t<\/div> <\/div><\/div><\/div><\/div><\/div><\/div><div      class=\"vc_row wpb_row section  grid_section\" style=' padding-top:72px; text-align:center;'><div class=\"section_inner clearfix\"><div class='section_inner_margin clearfix'><div class=\"wpb_column vc_column_container vc_col-sm-6\"><div class=\"vc_column-inner\"><div class=\"wpb_wrapper\">\n\t<div class=\"wpb_text_column wpb_content_element\">\n\t\t<div class=\"wpb_wrapper\">\n\t\t\t<h3 style=\"text-align: left;\"><span style=\"color: #d19800;\"><strong>Media Relations Management<\/strong><\/span><\/h3>\n\n\t\t<\/div> \n\t<\/div> <div class=\"separator  transparent\" style=\"border-bottom-width:1px;margin-top:28px;margin-bottom:0px\"><\/div>\n\n\t<div class=\"wpb_text_column wpb_content_element\">\n\t\t<div class=\"wpb_wrapper\">\n\t\t\t<h4 style=\"text-align: left;\">As GTC, we ensure that brands are intertwined with traditional and digital media with our experienced team that masters all the dynamics of the national media and keeps the global press under the spotlight. Thanks to our press and media relations experts, we develop special solutions that allow brands to connect with the most appropriate media tools.<\/h4>\n\n\t\t<\/div> \n\t<\/div> <\/div><\/div><\/div><div class=\"wpb_column vc_column_container vc_col-sm-6\"><div class=\"vc_column-inner\"><div class=\"wpb_wrapper\">\n\t<div class=\"wpb_text_column wpb_content_element\">\n\t\t<div class=\"wpb_wrapper\">\n\t\t\t<h3 style=\"text-align: left;\"><span style=\"color: #d19800;\"><strong>Topic and Agenda Management<\/strong><\/span><\/h3>\n\n\t\t<\/div> \n\t<\/div> <div class=\"separator  transparent\" style=\"border-bottom-width:1px;margin-top:28px;margin-bottom:0px\"><\/div>\n\n\t<div class=\"wpb_text_column wpb_content_element\">\n\t\t<div class=\"wpb_wrapper\">\n\t\t\t<h4 style=\"text-align: left;\">We support your brand in creating a corporate profile that has the effect of both influencing the current agenda and determining its own agenda in its relationship with the public and the industry. We provide balanced topic and agenda management so that brands can have a positive image.<\/h4>\n\n\t\t<\/div> \n\t<\/div> <\/div><\/div><\/div><\/div><\/div><\/div><div      class=\"vc_row wpb_row section  grid_section\" style=' padding-top:72px; text-align:center;'><div class=\"section_inner clearfix\"><div class='section_inner_margin clearfix'><div class=\"wpb_column vc_column_container vc_col-sm-6\"><div class=\"vc_column-inner\"><div class=\"wpb_wrapper\">\n\t<div class=\"wpb_text_column wpb_content_element\">\n\t\t<div class=\"wpb_wrapper\">\n\t\t\t<h3 style=\"text-align: left;\"><span style=\"color: #d19800;\"><strong>Crisis management<\/strong><\/span><\/h3>\n\n\t\t<\/div> \n\t<\/div> <div class=\"separator  transparent\" style=\"border-bottom-width:1px;margin-top:28px;margin-bottom:0px\"><\/div>\n\n\t<div class=\"wpb_text_column wpb_content_element\">\n\t\t<div class=\"wpb_wrapper\">\n\t\t\t<h4 style=\"text-align: left;\">Acting with the understanding that the best managed crisis is the one that is prevented before it arises, we strive to produce the most effective messages through traditional and digital media. When an organization faces a crisis, we take action at the right time to protect its reputation and brand value and take actions that will turn the situation into a positive one.<\/h4>\n\n\t\t<\/div> \n\t<\/div> <\/div><\/div><\/div><div class=\"wpb_column vc_column_container vc_col-sm-6\"><div class=\"vc_column-inner\"><div class=\"wpb_wrapper\">\n\t<div class=\"wpb_text_column wpb_content_element\">\n\t\t<div class=\"wpb_wrapper\">\n\t\t\t<h3 style=\"text-align: left;\"><span style=\"color: #d19800;\"><strong>Content Production and Management<\/strong><\/span><\/h3>\n\n\t\t<\/div> \n\t<\/div> <div class=\"separator  transparent\" style=\"border-bottom-width:1px;margin-top:28px;margin-bottom:0px\"><\/div>\n\n\t<div class=\"wpb_text_column wpb_content_element\">\n\t\t<div class=\"wpb_wrapper\">\n\t\t\t<h4 style=\"text-align: left;\">As GTC, we help you produce content that suits your brand identity and enable you to address your target audience in an effective and actionable tone. Among many different forms of expression and countless words, we prepare the fiction that can convey the final message in the most striking way.<\/h4>\n\n\t\t<\/div> \n\t<\/div> <\/div><\/div><\/div><\/div><\/div><\/div><div      class=\"vc_row wpb_row section  grid_section\" style=' padding-top:72px; padding-bottom:100px; text-align:center;'><div class=\"section_inner clearfix\"><div class='section_inner_margin clearfix'><div class=\"wpb_column vc_column_container vc_col-sm-6\"><div class=\"vc_column-inner\"><div class=\"wpb_wrapper\">\n\t<div class=\"wpb_text_column wpb_content_element\">\n\t\t<div class=\"wpb_wrapper\">\n\t\t\t<h3 style=\"text-align: left;\"><span style=\"color: #d19800;\"><strong>Social Responsibility Projects &amp; Sponsorships<\/strong><\/span><\/h3>\n\n\t\t<\/div> \n\t<\/div> <div class=\"separator  transparent\" style=\"border-bottom-width:1px;margin-top:28px;margin-bottom:0px\"><\/div>\n\n\t<div class=\"wpb_text_column wpb_content_element\">\n\t\t<div class=\"wpb_wrapper\">\n\t\t\t<h4 style=\"text-align: left;\">We know that one of the most effective ways to strengthen brand reputation is social responsibility projects. We carry out social responsibility and sponsorship management so that our customers can stand out in the industry and have a positive image before the target audience.<\/h4>\n\n\t\t<\/div> \n\t<\/div> <\/div><\/div><\/div><div class=\"wpb_column vc_column_container vc_col-sm-6\"><div class=\"vc_column-inner\"><div class=\"wpb_wrapper\">\n\t<div class=\"wpb_text_column wpb_content_element\">\n\t\t<div class=\"wpb_wrapper\">\n\t\t\t<h3 style=\"text-align: left;\"><span style=\"color: #d19800;\"><strong>Event Management<\/strong><\/span><\/h3>\n\n\t\t<\/div> \n\t<\/div> <div class=\"separator  transparent\" style=\"border-bottom-width:1px;margin-top:28px;margin-bottom:0px\"><\/div>\n\n\t<div class=\"wpb_text_column wpb_content_element\">\n\t\t<div class=\"wpb_wrapper\">\n\t\t\t<h4 style=\"text-align: left;\">By understanding the importance of the role played by events in branding reputation, we offer our customers a unique event experience with a visionary perspective. By adopting a strategic event management approach, we enable you to achieve the targeted gains in events and promise you the &quot;right event&quot;.<\/h4>\n\n\t\t<\/div> \n\t<\/div> <\/div><\/div><\/div><\/div><\/div><\/div><div      class=\"vc_row wpb_row section\" style='background-color:#ffffff; padding-top:42px; padding-bottom:42px; text-align:left;'><div class=\"full_section_inner clearfix\"><div class=\"wpb_column vc_column_container vc_col-sm-12\"><div class=\"vc_column-inner\"><div class=\"wpb_wrapper\"><div class=\"separator  normal\" style=\"border-color: #ffffff;margin-bottom:-40px\"><\/div>\n<\/div><\/div><\/div><\/div><\/div><section      data-speed=\"1\" class=\"parallax_section_holder preload_background   parallax_grid_section\" style = \" min-height:340px; height: auto;  background-image:url('https:\/\/www.gtc.com.tr\/wp-content\/uploads\/2023\/02\/paralax-alt.jpg');\"><div class=\"parallax_content center  parallax_section_inner\" ><div class='parallax_section_inner_margin clearfix'><div class=\"wpb_column vc_column_container vc_col-sm-12\"><div class=\"vc_column-inner\"><div class=\"wpb_wrapper\"><div class=\"separator  transparent\" style=\"margin-top:85px;margin-bottom:0px\"><\/div>\n<div class=\"custom_font_holder\" style=\"font-family: Montserrat; font-size: 46px; line-height: 60px; font-style: normal; font-weight: 800; color: #ffffff; text-decoration: none; letter-spacing: 0px;; text-transform: capitalize; text-align: center\" data-font-size=\"46\" data-line-height=\"60\" ><div  ><p><strong>Manage Your Reputation Effectively<\/strong><\/p>\n<\/div><\/div><div class=\"separator  transparent\" style=\"margin-top:24px;margin-bottom:0px\"><\/div>\n<div class=\"custom_font_holder\" style=\"font-family: Open Sans; font-size: 18px; line-height: 25px; font-style: normal; font-weight: 200; color: #ffffff; text-decoration: none; letter-spacing: 0px;; text-transform: none; text-align: center\" data-font-size=\"18\" data-line-height=\"25\" ><div  ><p><!--StartFragment --><\/p>\n<p class=\"pf0\"><span class=\"cf0\">As GTC, we provide a wide range of strategic communication consultancy services such as media relations, public relations, reputation and crisis management to leading brands in their sectors with our 27 years of experience and expert team in Istanbul and Ankara.<\/span><!--EndFragment --><\/p>\n<\/div><\/div><div class=\"separator  transparent\" style=\"margin-top:49px;margin-bottom:0px\"><\/div>\n<a href=\"https:\/\/www.gtc.com.tr\/en\/communication\/\" target=\"_self\"  class=\"qbutton  white qbutton_with_icon icon_right\" style=\"\">Get Information<span aria-hidden=\"true\" class=\"qode_icon_font_elegant arrow_right button_icon\" style=\"width: auto\" ><\/span><\/a><div class=\"separator  transparent\" style=\"margin-top:89px;margin-bottom:0px\"><\/div>\n<\/div><\/div><\/div><\/div><\/div><\/section>","protected":false},"excerpt":{"rendered":"Stratejik \u0130leti\u015fim Dan\u0131\u015fmanl\u0131\u011f\u0131 GTC Ajans olarak karma\u015f\u0131k ileti\u015fim zorluklar\u0131n\u0131 \u00e7\u00f6zme konusunda \u015firketlere, bireylere, h\u00fck\u00fcmetlere ve kurulu\u015flara tavsiyelerde bulunuyoruz. \u0130\u015f ortaklar\u0131m\u0131z\u0131n talep etti\u011fi profili ve konumu in\u015fa etmelerine ve y\u00f6netmelerine destek oluyoruz. \u0130stenmeyen ileti\u015fim hasarlar\u0131n\u0131 onarmak ve itibarlar\u0131n\u0131 korumak \u00fczere sa\u011flam stratejiler olu\u015fturuyoruz. Kurumsal \u0130tibar Y\u00f6netimi...","protected":false},"author":2,"featured_media":0,"parent":57589,"menu_order":0,"comment_status":"closed","ping_status":"closed","template":"full_width.php","meta":{"footnotes":""},"class_list":["post-57612","page","type-page","status-publish","hentry"],"yoast_head":"<!-- This site is optimized with the Yoast SEO Premium plugin v21.6 (Yoast SEO v27.6) - https:\/\/yoast.com\/product\/yoast-seo-premium-wordpress\/ -->\n<title>Stratejik \u0130leti\u015fim Dan\u0131\u015fmanl\u0131\u011f\u0131 - Gtc<\/title>\n<meta name=\"robots\" content=\"index, follow, max-snippet:-1, max-image-preview:large, max-video-preview:-1\" \/>\n<link rel=\"canonical\" href=\"https:\/\/www.gtc.com.tr\/en\/services\/strategic-communication-consultancy\/\" \/>\n<meta property=\"og:locale\" content=\"en_US\" \/>\n<meta property=\"og:type\" content=\"article\" \/>\n<meta property=\"og:title\" content=\"Stratejik \u0130leti\u015fim Dan\u0131\u015fmanl\u0131\u011f\u0131\" \/>\n<meta property=\"og:url\" content=\"https:\/\/www.gtc.com.tr\/en\/services\/strategic-communication-consultancy\/\" \/>\n<meta property=\"og:site_name\" content=\"Gtc\" \/>\n<meta property=\"article:publisher\" content=\"https:\/\/www.facebook.com\/GTCcommunication\/\" \/>\n<meta property=\"article:modified_time\" content=\"2025-02-18T12:04:29+00:00\" \/>\n<meta name=\"twitter:card\" content=\"summary_large_image\" \/>\n<meta name=\"twitter:site\" content=\"@GTC_iletisim\" \/>\n<meta name=\"twitter:label1\" content=\"Est. reading time\" \/>\n\t<meta name=\"twitter:data1\" content=\"6 minutes\" \/>\n<script type=\"application\/ld+json\" class=\"yoast-schema-graph\">{\"@context\":\"https:\\\/\\\/schema.org\",\"@graph\":[{\"@type\":\"WebPage\",\"@id\":\"https:\\\/\\\/www.gtc.com.tr\\\/hizmetler\\\/stratejik-iletisim-danismanligi\\\/\",\"url\":\"https:\\\/\\\/www.gtc.com.tr\\\/hizmetler\\\/stratejik-iletisim-danismanligi\\\/\",\"name\":\"Stratejik \u0130leti\u015fim Dan\u0131\u015fmanl\u0131\u011f\u0131 - Gtc\",\"isPartOf\":{\"@id\":\"https:\\\/\\\/www.gtc.com.tr\\\/#website\"},\"datePublished\":\"2023-02-24T11:55:50+00:00\",\"dateModified\":\"2025-02-18T12:04:29+00:00\",\"breadcrumb\":{\"@id\":\"https:\\\/\\\/www.gtc.com.tr\\\/hizmetler\\\/stratejik-iletisim-danismanligi\\\/#breadcrumb\"},\"inLanguage\":\"en-US\",\"potentialAction\":[{\"@type\":\"ReadAction\",\"target\":[\"https:\\\/\\\/www.gtc.com.tr\\\/hizmetler\\\/stratejik-iletisim-danismanligi\\\/\"]}]},{\"@type\":\"BreadcrumbList\",\"@id\":\"https:\\\/\\\/www.gtc.com.tr\\\/hizmetler\\\/stratejik-iletisim-danismanligi\\\/#breadcrumb\",\"itemListElement\":[{\"@type\":\"ListItem\",\"position\":1,\"name\":\"Home\",\"item\":\"https:\\\/\\\/www.gtc.com.tr\\\/\"},{\"@type\":\"ListItem\",\"position\":2,\"name\":\"Hizmetlerimiz\",\"item\":\"https:\\\/\\\/www.gtc.com.tr\\\/hizmetler\\\/\"},{\"@type\":\"ListItem\",\"position\":3,\"name\":\"Stratejik \u0130leti\u015fim Dan\u0131\u015fmanl\u0131\u011f\u0131\"}]},{\"@type\":\"WebSite\",\"@id\":\"https:\\\/\\\/www.gtc.com.tr\\\/#website\",\"url\":\"https:\\\/\\\/www.gtc.com.tr\\\/\",\"name\":\"Global Trending Communications\",\"description\":\"Global Trending &amp; Communications\",\"publisher\":{\"@id\":\"https:\\\/\\\/www.gtc.com.tr\\\/#organization\"},\"potentialAction\":[{\"@type\":\"SearchAction\",\"target\":{\"@type\":\"EntryPoint\",\"urlTemplate\":\"https:\\\/\\\/www.gtc.com.tr\\\/?s={search_term_string}\"},\"query-input\":{\"@type\":\"PropertyValueSpecification\",\"valueRequired\":true,\"valueName\":\"search_term_string\"}}],\"inLanguage\":\"en-US\"},{\"@type\":\"Organization\",\"@id\":\"https:\\\/\\\/www.gtc.com.tr\\\/#organization\",\"name\":\"Global Trending Communications\",\"url\":\"https:\\\/\\\/www.gtc.com.tr\\\/\",\"logo\":{\"@type\":\"ImageObject\",\"inLanguage\":\"en-US\",\"@id\":\"https:\\\/\\\/www.gtc.com.tr\\\/#\\\/schema\\\/logo\\\/image\\\/\",\"url\":\"https:\\\/\\\/www.gtc.com.tr\\\/wp-content\\\/uploads\\\/2024\\\/01\\\/GTC-favicon.png\",\"contentUrl\":\"https:\\\/\\\/www.gtc.com.tr\\\/wp-content\\\/uploads\\\/2024\\\/01\\\/GTC-favicon.png\",\"width\":420,\"height\":408,\"caption\":\"Global Trending Communications\"},\"image\":{\"@id\":\"https:\\\/\\\/www.gtc.com.tr\\\/#\\\/schema\\\/logo\\\/image\\\/\"},\"sameAs\":[\"https:\\\/\\\/www.facebook.com\\\/GTCcommunication\\\/\",\"https:\\\/\\\/x.com\\\/GTC_iletisim\",\"https:\\\/\\\/www.linkedin.com\\\/company\\\/gtciletisimdanismanlik\\\/\",\"https:\\\/\\\/www.instagram.com\\\/gtc_communication\\\/\"]}]}<\/script>\n<!-- \/ Yoast SEO Premium plugin. -->","yoast_head_json":{"title":"Strategic Communication Consultancy - Gtc","robots":{"index":"index","follow":"follow","max-snippet":"max-snippet:-1","max-image-preview":"max-image-preview:large","max-video-preview":"max-video-preview:-1"},"canonical":"https:\/\/www.gtc.com.tr\/en\/services\/strategic-communication-consultancy\/","og_locale":"en_US","og_type":"article","og_title":"Stratejik \u0130leti\u015fim Dan\u0131\u015fmanl\u0131\u011f\u0131","og_url":"https:\/\/www.gtc.com.tr\/en\/services\/strategic-communication-consultancy\/","og_site_name":"Gtc","article_publisher":"https:\/\/www.facebook.com\/GTCcommunication\/","article_modified_time":"2025-02-18T12:04:29+00:00","twitter_card":"summary_large_image","twitter_site":"@GTC_iletisim","twitter_misc":{"Est. reading time":"6 minutes"},"schema":{"@context":"https:\/\/schema.org","@graph":[{"@type":"WebPage","@id":"https:\/\/www.gtc.com.tr\/hizmetler\/stratejik-iletisim-danismanligi\/","url":"https:\/\/www.gtc.com.tr\/hizmetler\/stratejik-iletisim-danismanligi\/","name":"Strategic Communication Consultancy - Gtc","isPartOf":{"@id":"https:\/\/www.gtc.com.tr\/#website"},"datePublished":"2023-02-24T11:55:50+00:00","dateModified":"2025-02-18T12:04:29+00:00","breadcrumb":{"@id":"https:\/\/www.gtc.com.tr\/hizmetler\/stratejik-iletisim-danismanligi\/#breadcrumb"},"inLanguage":"en-US","potentialAction":[{"@type":"ReadAction","target":["https:\/\/www.gtc.com.tr\/hizmetler\/stratejik-iletisim-danismanligi\/"]}]},{"@type":"BreadcrumbList","@id":"https:\/\/www.gtc.com.tr\/hizmetler\/stratejik-iletisim-danismanligi\/#breadcrumb","itemListElement":[{"@type":"ListItem","position":1,"name":"Home","item":"https:\/\/www.gtc.com.tr\/"},{"@type":"ListItem","position":2,"name":"Hizmetlerimiz","item":"https:\/\/www.gtc.com.tr\/hizmetler\/"},{"@type":"ListItem","position":3,"name":"Stratejik \u0130leti\u015fim Dan\u0131\u015fmanl\u0131\u011f\u0131"}]},{"@type":"WebSite","@id":"https:\/\/www.gtc.com.tr\/#website","url":"https:\/\/www.gtc.com.tr\/","name":"Global Trending Communications","description":"Global Trending &amp; Communications","publisher":{"@id":"https:\/\/www.gtc.com.tr\/#organization"},"potentialAction":[{"@type":"SearchAction","target":{"@type":"EntryPoint","urlTemplate":"https:\/\/www.gtc.com.tr\/?s={search_term_string}"},"query-input":{"@type":"PropertyValueSpecification","valueRequired":true,"valueName":"search_term_string"}}],"inLanguage":"en-US"},{"@type":"Organization","@id":"https:\/\/www.gtc.com.tr\/#organization","name":"Global Trending Communications","url":"https:\/\/www.gtc.com.tr\/","logo":{"@type":"ImageObject","inLanguage":"en-US","@id":"https:\/\/www.gtc.com.tr\/#\/schema\/logo\/image\/","url":"https:\/\/www.gtc.com.tr\/wp-content\/uploads\/2024\/01\/GTC-favicon.png","contentUrl":"https:\/\/www.gtc.com.tr\/wp-content\/uploads\/2024\/01\/GTC-favicon.png","width":420,"height":408,"caption":"Global Trending Communications"},"image":{"@id":"https:\/\/www.gtc.com.tr\/#\/schema\/logo\/image\/"},"sameAs":["https:\/\/www.facebook.com\/GTCcommunication\/","https:\/\/x.com\/GTC_iletisim","https:\/\/www.linkedin.com\/company\/gtciletisimdanismanlik\/","https:\/\/www.instagram.com\/gtc_communication\/"]}]}},"_links":{"self":[{"href":"https:\/\/www.gtc.com.tr\/en\/wp-json\/wp\/v2\/pages\/57612","targetHints":{"allow":["GET"]}}],"collection":[{"href":"https:\/\/www.gtc.com.tr\/en\/wp-json\/wp\/v2\/pages"}],"about":[{"href":"https:\/\/www.gtc.com.tr\/en\/wp-json\/wp\/v2\/types\/page"}],"author":[{"embeddable":true,"href":"https:\/\/www.gtc.com.tr\/en\/wp-json\/wp\/v2\/users\/2"}],"replies":[{"embeddable":true,"href":"https:\/\/www.gtc.com.tr\/en\/wp-json\/wp\/v2\/comments?post=57612"}],"version-history":[{"count":73,"href":"https:\/\/www.gtc.com.tr\/en\/wp-json\/wp\/v2\/pages\/57612\/revisions"}],"predecessor-version":[{"id":59666,"href":"https:\/\/www.gtc.com.tr\/en\/wp-json\/wp\/v2\/pages\/57612\/revisions\/59666"}],"up":[{"embeddable":true,"href":"https:\/\/www.gtc.com.tr\/en\/wp-json\/wp\/v2\/pages\/57589"}],"wp:attachment":[{"href":"https:\/\/www.gtc.com.tr\/en\/wp-json\/wp\/v2\/media?parent=57612"}],"curies":[{"name":"wp","href":"https:\/\/api.w.org\/{rel}","templated":true}]}}