{"id":57567,"date":"2023-02-24T11:38:13","date_gmt":"2023-02-24T08:38:13","guid":{"rendered":"https:\/\/gtc.testmagna.com\/?page_id=57567"},"modified":"2026-01-30T15:00:00","modified_gmt":"2026-01-30T12:00:00","slug":"referans","status":"publish","type":"page","link":"https:\/\/www.gtc.com.tr\/en\/reference\/","title":{"rendered":"References"},"content":{"rendered":"<div      class=\"vc_row wpb_row section  grid_section\" style=' padding-bottom:110px; text-align:center;'><div class=\"section_inner clearfix\"><div class='section_inner_margin clearfix'><div class=\"wpb_column vc_column_container vc_col-sm-12 vc_col-lg-offset-1 vc_col-lg-10 vc_col-md-offset-1 vc_col-md-10\"><div class=\"vc_column-inner vc_custom_1441957752750\"><div class=\"wpb_wrapper\"><div class='q_elements_holder one_column responsive_mode_from_768' ><div class='q_elements_item vertical_alignment_middle horizontal_align_center' data-animation='no'><div class='q_elements_item_inner'><div class='q_elements_item_content q_elements_inner_922572083' style='text-align:center;'><\/div><\/div><\/div><\/div><div class=\"separator  transparent\" style=\"border-bottom-width:1px;margin-top:28px;margin-bottom:0px\"><\/div>\n<div class='q_elements_holder one_column responsive_mode_from_768' ><div class='q_elements_item vertical_alignment_middle horizontal_align_center' data-animation='no'><div class='q_elements_item_inner'><div class='q_elements_item_content q_elements_inner_1016680851' style='text-align:center;'>\n\t<div class=\"wpb_text_column wpb_content_element\">\n\t\t<div class=\"wpb_wrapper\">\n\t\t\t<p>We were established 27 years ago with the aim of meeting the professional support needs of Turkish business circles in the field of strategic communication on the axis of \"state - private sector - society - media\". Over the course of 25 years, we have carried out dozens of successful projects with our experienced team, worked with hundreds of brands and pioneered strong collaborations.<\/p>\n\n\t\t<\/div> \n\t<\/div> <\/div><\/div><\/div><\/div><\/div><\/div><\/div><\/div><\/div><\/div><div      class=\"vc_row wpb_row section\" style=' text-align:left;'><div class=\"full_section_inner clearfix\"><div class=\"wpb_column vc_column_container vc_col-sm-3\"><div class=\"vc_column-inner vc_custom_1693832452447\"><div class=\"wpb_wrapper\"><div class=\"custom_font_holder\" style=\"font-family: Montserrat; font-size: 30px; line-height: 30px; font-style: normal; font-weight: 700; color: #2e2e2e; text-decoration: none; letter-spacing: -1px;; text-transform: capitalize; text-align: left\" data-font-size=\"30\" data-line-height=\"30\" ><div  ><h3><span style=\"color: #d19800;\">PRIVATE SECTOR<\/span><\/h3>\n<\/div><\/div><div class=\"separator  transparent\" style=\"margin-top:0px;margin-bottom:20px\"><\/div>\n<div class='q_list circle' style='padding-left: 5px;'><\/p>\n<ul>\n<li style=\"text-align: left;\">\n<h4>A DESIGN ARCHITECTURE<\/h4>\n<\/li>\n<li style=\"text-align: left;\">\n<h4>ACTUS PORTFOLIO MANAGEMENT<\/h4>\n<\/li>\n<li style=\"text-align: left;\">\n<h4>AKT\u00dcRK CONSTRUCTION<\/h4>\n<\/li>\n<li style=\"text-align: left;\">\n<h4>ALIEE<\/h4>\n<\/li>\n<li style=\"text-align: left;\">\n<h4>ALL ENERGY TURKEY<\/h4>\n<\/li>\n<li style=\"text-align: left;\">\n<h4>ARBY&#039;S<\/h4>\n<\/li>\n<li style=\"text-align: left;\">\n<h4>ARCELIK<\/h4>\n<\/li>\n<li style=\"text-align: left;\">\n<h4>ARIKANLI CONSTRUCTION<\/h4>\n<\/li>\n<li style=\"text-align: left;\">\n<h4>ASAF BUSINESS PARTNERSHIP<\/h4>\n<\/li>\n<li style=\"text-align: left;\">\n<h4>ASTRAZENECA<\/h4>\n<\/li>\n<li>\n<h4>AYNES<\/h4>\n<\/li>\n<li style=\"text-align: left;\">\n<h4>BECHTEL \u2013 ENKA<\/h4>\n<\/li>\n<li style=\"text-align: left;\">\n<h4>BILKENT CENTER<\/h4>\n<\/li>\n<li style=\"text-align: left;\">\n<h4>UNITED REAL ESTATE<\/h4>\n<\/li>\n<li style=\"text-align: left;\">\n<h4>BODUR REAL ESTATE<\/h4>\n<\/li>\n<li style=\"text-align: left;\">\n<h4>BOSTON SCIENTIFIC<\/h4>\n<\/li>\n<li style=\"text-align: left;\">\n<h4>BURC GROUP<\/h4>\n<\/li>\n<li style=\"text-align: left;\">\n<h4>CARGILL<\/h4>\n<\/li>\n<li>\n<h4>CENG\u0130Z \u0130N\u015eAAT<\/h4>\n<\/li>\n<li>\n<h4>CENG\u0130Z ENERJ\u0130<\/h4>\n<\/li>\n<li style=\"text-align: left;\">\n<h4>CIMPOR Y\u0130B\u0130TA\u015e<\/h4>\n<\/li>\n<li style=\"text-align: left;\">\n<h4>CITYSCAPE TURKEY 2016<\/h4>\n<\/li>\n<li style=\"text-align: left;\">\n<h4>COMODO<\/h4>\n<\/li>\n<li style=\"text-align: left;\">\n<h4>\u00c7ELEB\u0130 HAVACILIK<br \/>\nHOLD\u0130NG<\/h4>\n<\/li>\n<li style=\"text-align: left;\">\n<h4>STRAWBERRY<\/h4>\n<\/li>\n<li style=\"text-align: left;\">\n<h4>DATASET<\/h4>\n<\/li>\n<li style=\"text-align: left;\">\n<h4>DEXIA<\/h4>\n<\/li>\n<li style=\"text-align: left;\">\n<h4>DO\u011eANER plaster<\/h4>\n<\/li>\n<li style=\"text-align: left;\">\n<h4>DO\u011eRUDAN SATI\u015e<br \/>\nDERNE\u011e\u0130<\/h4>\n<\/li>\n<li style=\"text-align: left;\">\n<h4>DO\u011eU\u015e M\u00dc\u015eTER\u0130<br \/>\nS\u0130STEMLER\u0130<br \/>\n(ZUB\u0130ZU\/REZERV\u0130N)<\/h4>\n<\/li>\n<li style=\"text-align: left;\">\n<h4>WORLD CITY<\/h4>\n<\/li>\n<li style=\"text-align: left;\">\n<h4>EKIN TECHNOLOGY<\/h4>\n<\/li>\n<li style=\"text-align: left;\">\n<h4>ERCIYAS HOLDING<\/h4>\n<\/li>\n<li>\n<h4>ET\u0130 G\u00dcBRE<\/h4>\n<\/li>\n<li style=\"text-align: left;\">\n<h4>EXPERT\u0130SE FRANCE<\/h4>\n<\/li>\n<li style=\"text-align: left;\">\n<h4>FERROVIAL<\/h4>\n<\/li>\n<li style=\"text-align: left;\">\n<h4>FIREFLY<\/h4>\n<\/li>\n<li style=\"text-align: left;\">\n<h4>FLAP TOUR<\/h4>\n<\/li>\n<li style=\"text-align: left;\">\n<h4>FRITO-LAY<\/h4>\n<\/li>\n<li style=\"text-align: left;\">\n<h4>GENEL AVIATION INC.<\/h4>\n<\/li>\n<li style=\"text-align: left;\">\n<h4>GENPOWER<\/h4>\n<\/li>\n<li style=\"text-align: left;\">\n<h4>GILAN JEWELRY<\/h4>\n<\/li>\n<li style=\"text-align: left;\">\n<h4>GLOBALSTAR<\/h4>\n<\/li>\n<li>\n<h4>GOLDMAN SACHS INTERNATIONAL<\/h4>\n<\/li>\n<li>\n<h4>G\u00dcNER\u0130 CONSTRUCTION<\/h4>\n<\/li>\n<li>\n<h4>G\u00dcNER\u0130 CONSTRUCTION<\/h4>\n<\/li>\n<li>\n<h4>GUVEN HOSPITAL<\/h4>\n<\/li>\n<\/ul>\n<p><\/div><\/div><\/div><\/div><div class=\"wpb_column vc_column_container vc_col-sm-3\"><div class=\"vc_column-inner vc_custom_1693832463035\"><div class=\"wpb_wrapper\"><div class=\"custom_font_holder\" style=\"font-family: Montserrat; font-size: 30px; line-height: 30px; font-style: normal; font-weight: 700; color: #2e2e2e; text-decoration: none; letter-spacing: -1px;; text-transform: capitalize; text-align: left\" data-font-size=\"30\" data-line-height=\"30\" ><div  ><h3><span style=\"color: #d19800;\">PRIVATE SECTOR<\/span><\/h3>\n<\/div><\/div><div class=\"separator  transparent\" style=\"margin-top:0px;margin-bottom:20px\"><\/div>\n<div class='q_list circle' style='padding-left: 5px;'><\/p>\n<ul>\n<li>\n<h4>HAKKASAN<\/h4>\n<\/li>\n<li>\n<h4>HAREMLIK &amp; SEAMLIK<\/h4>\n<\/li>\n<li>\n<h4>HARVEY NICHOLS<\/h4>\n<\/li>\n<li>\n<h4>HYUNDAI<\/h4>\n<\/li>\n<li>\n<h4>JOHN DEERE &amp; CO.<\/h4>\n<\/li>\n<li>\n<h4>KOLEKS\u0130YON<\/h4>\n<\/li>\n<li>\n<h4>BUTTERFLY<\/h4>\n<\/li>\n<li>\n<h4>KO\u00c7 HOLDING<\/h4>\n<\/li>\n<li>\n<h4>BRAND CONFERENCE<\/h4>\n<\/li>\n<li>\n<h4>MEDEX<\/h4>\n<\/li>\n<li>\n<h4>MEDIA CITY<\/h4>\n<\/li>\n<li>\n<h4>MEKSA FOUNDATION (2003)<\/h4>\n<\/li>\n<li>\n<h4>MESA<\/h4>\n<\/li>\n<li>\n<h4>MOMENT BUILDING<\/h4>\n<\/li>\n<li>\n<h4>NUROL REAL ESTATE<\/h4>\n<\/li>\n<li>\n<h4>OTIS<\/h4>\n<\/li>\n<li>\n<h4>OZAK GYO<\/h4>\n<\/li>\n<li>\n<h4>PET HOLDING<\/h4>\n<\/li>\n<li>\n<h4>PETROL OFFICE<\/h4>\n<\/li>\n<li>\n<h4>PHONAK T\u00fcrkiye<\/h4>\n<\/li>\n<li>\n<h4>POLATYOL<\/h4>\n<\/li>\n<li>\n<h4>QTERMINALS ANTALYA<\/h4>\n<\/li>\n<li>\n<h4>REIDIN<\/h4>\n<\/li>\n<li>\n<h4>ROSS BREEDERS ANATOLIA<\/h4>\n<\/li>\n<li>\n<h4>R\u00d6NESANS HOLDING<\/h4>\n<\/li>\n<li>\n<h4>TATA \u2013 ISOTLAR<\/h4>\n<\/li>\n<li>\n<h4>TEMA ISTANBUL<\/h4>\n<\/li>\n<li>\n<h4>TEPE \/ KNAUF<\/h4>\n<\/li>\n<li>\n<h4>HILL MESA<\/h4>\n<\/li>\n<li>\n<h4>TRENDYOL<\/h4>\n<\/li>\n<li>\n<h4>TURUVA BAKIR<\/h4>\n<\/li>\n<li>\n<h4>TURKERLER HOLDING<\/h4>\n<\/li>\n<li>\n<h4>UNIVERSIADE 2011<br \/>\nERZURUM WINTER<\/h4>\n<\/li>\n<li>\n<h4>UNITIM HOLDING<\/h4>\n<\/li>\n<li>\n<h4 style=\"font-size: 18px;\">VARTAS<\/h4>\n<\/li>\n<li>\n<h4>VOTORANTIM<\/h4>\n<\/li>\n<li>\n<h4>WJE (Earthquake Engineering)<\/h4>\n<\/li>\n<li>\n<h4>DOMESTIC CARGO<\/h4>\n<\/li>\n<\/ul>\n<p><\/div><\/div><\/div><\/div><div class=\"wpb_column vc_column_container vc_col-sm-3\"><div class=\"vc_column-inner\"><div class=\"wpb_wrapper\"><div class=\"custom_font_holder\" style=\"font-family: Montserrat; font-size: 30px; line-height: 30px; font-style: normal; font-weight: 700; color: #2e2e2e; text-decoration: none; letter-spacing: -1px;; text-transform: capitalize; text-align: left\" data-font-size=\"30\" data-line-height=\"30\" ><div  ><h3><span style=\"color: #d19800;\">PUBLIC<\/span><\/h3>\n<\/div><\/div><div class=\"separator  transparent\" style=\"margin-top:0px;margin-bottom:20px\"><\/div>\n<div class='q_list circle' style='padding-left: 5px;'><\/p>\n<ul>\n<li>\n<h4>THE ISTANBUL METROPOLITAN MUNICIPALITY<\/h4>\n<\/li>\n<li>\n<h4 class=\"font_7\">TR MINISTRY OF ENVIRONMENT AND URBANIZATION \u2013 ZERO WASTE PROJECT<\/h4>\n<\/li>\n<li>\n<h4 class=\"font_7\">TR MINISTRY OF FOREIGN AFFAIRS \u2013 EXPO 2010<\/h4>\n<\/li>\n<li>\n<h4 class=\"font_7\">TR PRESIDENCY OF RELIGIOUS AFFAIRS<\/h4>\n<\/li>\n<li>\n<h4 class=\"font_7\">TR MINISTRY OF YOUTH AND SPORTS<\/h4>\n<\/li>\n<li>\n<h4>TMSF (Savings Deposit Insurance Fund)<\/h4>\n<\/li>\n<li>\n<h4>TRABZON\/ 11TH EUROPEAN YOUTH OLYMPIC GAMES EYOF (2011)<\/h4>\n<\/li>\n<li>\n<h4>TURKISH AIR FORCES (100TH ANNIVERSARY CELEBRATIONS)<\/h4>\n<\/li>\n<li>\n<h4>TURKISH PATENT INSTITUTE<\/h4>\n<\/li>\n<\/ul>\n<p><\/div><\/div><\/div><\/div><div class=\"wpb_column vc_column_container vc_col-sm-3\"><div class=\"vc_column-inner\"><div class=\"wpb_wrapper\"><div class=\"custom_font_holder\" style=\"font-family: Montserrat; font-size: 30px; line-height: 30px; font-style: normal; font-weight: 700; color: #2e2e2e; text-decoration: none; letter-spacing: -1px;; text-transform: capitalize; text-align: left\" data-font-size=\"30\" data-line-height=\"30\" ><div  ><h3><span style=\"color: #d19800;\">CIVIL SOCIETY<\/span><\/h3>\n<\/div><\/div><div class='q_list circle' style='padding-left: 5px;'><\/p>\n<ul>\n<li>\n<h4>A\u00c7EV<\/h4>\n<\/li>\n<li>\n<h4 class=\"font_7\">PLASTER PRODUCERS ASSOCIATION<\/h4>\n<\/li>\n<li>\n<h4 class=\"font_7\">\u00c7EV Art<\/h4>\n<\/li>\n<li>\n<h4 class=\"font_7\">ECONOMY JOURNALISTS ASSOCIATION<\/h4>\n<\/li>\n<li>\n<h4 class=\"font_7\">GYODER<\/h4>\n<\/li>\n<li>\n<h4 class=\"font_7\">\u0130M\u0130B (Istanbul Mineral Exporters Association)<\/h4>\n<\/li>\n<li>\n<h4 class=\"font_7\">IZODER<\/h4>\n<\/li>\n<li>\n<h4 class=\"font_7\">CARID<\/h4>\n<\/li>\n<li>\n<h4>SCA MUSIC FOUNDATION<\/h4>\n<\/li>\n<li>\n<h4>TMSF<\/h4>\n<\/li>\n<li>\n<h4>TOHUM AUTISM FOUNDATION<\/h4>\n<\/li>\n<li>\n<h4>TURY\u0130D (Tourism Restaurant Investors and Gastronomy Enterprises Association)<\/h4>\n<\/li>\n<li>\n<h4>TURKISH EDUCATION ASSOCIATION<\/h4>\n<\/li>\n<li>\n<h4>TURKISH ASSOCIATION OF PRIVATE ARCHITECTS<\/h4>\n<\/li>\n<li>\n<h4>TURKISH THORACIC ASSOCIATION<\/h4>\n<\/li>\n<li>\n<h4>T\u00fcrkiye \u0130MSAD<\/h4>\n<\/li>\n<li>\n<h4>T\u00fcrkiye HELP LOVERS ASSOCIATION<\/h4>\n<\/li>\n<\/ul>\n<p><\/div><div class=\"custom_font_holder\" style=\"font-family: Montserrat; font-size: 30px; line-height: 30px; font-style: normal; font-weight: 700; color: #2e2e2e; text-decoration: none; letter-spacing: -1px;; text-transform: capitalize; text-align: left\" data-font-size=\"30\" data-line-height=\"30\" ><div  ><h3><span style=\"color: #d19800;\">INTERNATIONAL ORGANIZATIONS<\/span><\/h3>\n<\/div><\/div><div class='q_list circle' style='padding-left: 5px;'><\/p>\n<ul>\n<li>\n<h4 class=\"font_7\">EUROPEAN UNION<\/h4>\n<\/li>\n<li>\n<h4 class=\"font_7\">EUROPEAN UNION DELEGATION TO T\u00fcrkiye<\/h4>\n<\/li>\n<li>\n<h4>EUROPEAN AGENCY FOR OCCUPATIONAL HEALTH AND SAFETY (EU-OSHA)<\/h4>\n<\/li>\n<li>\n<h4>UNITED NATIONS DEVELOPMENT PROGRAM (UNDP)<\/h4>\n<\/li>\n<li>\n<h4>WORLD BANK<\/h4>\n<\/li>\n<li>\n<h4>INTERNATIONAL MONETARY FUND (IMF)<\/h4>\n<\/li>\n<\/ul>\n<p><\/div><div class=\"separator  transparent\" style=\"margin-top:0px;margin-bottom:20px\"><\/div>\n<\/div><\/div><\/div><\/div><\/div><section      data-speed=\"1\" class=\"parallax_section_holder preload_background   parallax_grid_section\" style = \" min-height:340px; height: auto;  background-image:url('https:\/\/www.gtc.com.tr\/wp-content\/uploads\/2023\/02\/paralax-alt.jpg');\"><div class=\"parallax_content center  parallax_section_inner\" ><div class='parallax_section_inner_margin clearfix'><div class=\"wpb_column vc_column_container vc_col-sm-12\"><div class=\"vc_column-inner vc_custom_1693832594942\"><div class=\"wpb_wrapper\"><div class=\"separator  transparent\" style=\"margin-top:85px;margin-bottom:0px\"><\/div>\n<div class=\"custom_font_holder\" style=\"font-family: Montserrat; font-size: 46px; line-height: 60px; font-style: normal; font-weight: 800; color: #ffffff; text-decoration: none; letter-spacing: 0px;; text-transform: capitalize; text-align: center\" data-font-size=\"46\" data-line-height=\"60\" ><div  ><p><strong>Manage Your Reputation Effectively<\/strong><\/p>\n<\/div><\/div><div class=\"separator  transparent\" style=\"margin-top:24px;margin-bottom:0px\"><\/div>\n<div class=\"custom_font_holder\" style=\"font-family: Open Sans; font-size: 18px; line-height: 25px; font-style: normal; font-weight: 200; color: #ffffff; text-decoration: none; letter-spacing: 0px;; text-transform: none; text-align: center\" data-font-size=\"18\" data-line-height=\"25\" ><div  ><div class=\"custom_font_holder\" data-font-size=\"18\" data-line-height=\"25\"><!--StartFragment --><\/p>\n<p class=\"pf0\"><span class=\"cf0\">As GTC, we provide a wide range of strategic communication consultancy services such as media relations, public relations, reputation and crisis management to leading brands in their sectors with our 27 years of experience and expert team in Istanbul and Ankara.<\/span><!--EndFragment --><\/p>\n<\/div>\n<\/div><\/div><div class=\"separator  transparent\" style=\"margin-top:49px;margin-bottom:0px\"><\/div>\n<a href=\"https:\/\/www.gtc.com.tr\/en\/communication\/\" target=\"_self\"  class=\"qbutton  white qbutton_with_icon icon_right\" style=\"\">Get Information<span aria-hidden=\"true\" class=\"qode_icon_font_elegant arrow_right button_icon\" style=\"width: auto\" ><\/span><\/a><div class=\"separator  transparent\" style=\"margin-top:89px;margin-bottom:0px\"><\/div>\n<\/div><\/div><\/div><\/div><\/div><\/section>","protected":false},"excerpt":{"rendered":"We were established 25 years ago with the aim of meeting the professional support needs of Turkish business circles in the field of strategic communication on the axis of &quot;state - private sector - society - media&quot;. Over the course of 25 years, we have carried out dozens of successful projects with our experienced team, worked with hundreds of brands and pioneered strong collaborations.","protected":false},"author":3,"featured_media":59545,"parent":0,"menu_order":0,"comment_status":"closed","ping_status":"closed","template":"full_width.php","meta":{"footnotes":""},"class_list":["post-57567","page","type-page","status-publish","has-post-thumbnail","hentry"],"yoast_head":"<!-- This site is optimized with the Yoast SEO Premium plugin v21.6 (Yoast SEO v27.6) - https:\/\/yoast.com\/product\/yoast-seo-premium-wordpress\/ -->\n<title>Referanslar\u0131m\u0131z - Gtc<\/title>\n<meta name=\"robots\" content=\"index, follow, max-snippet:-1, max-image-preview:large, max-video-preview:-1\" \/>\n<link rel=\"canonical\" href=\"https:\/\/www.gtc.com.tr\/en\/reference\/\" \/>\n<meta property=\"og:locale\" content=\"en_US\" \/>\n<meta property=\"og:type\" content=\"article\" \/>\n<meta property=\"og:title\" content=\"Referanslar\u0131m\u0131z\" \/>\n<meta property=\"og:url\" content=\"https:\/\/www.gtc.com.tr\/en\/reference\/\" \/>\n<meta property=\"og:site_name\" content=\"Gtc\" \/>\n<meta property=\"article:publisher\" content=\"https:\/\/www.facebook.com\/GTCcommunication\/\" \/>\n<meta property=\"article:modified_time\" content=\"2026-01-30T12:00:00+00:00\" \/>\n<meta property=\"og:image\" content=\"https:\/\/www.gtc.com.tr\/wp-content\/uploads\/2024\/07\/referans.jpg\" \/>\n\t<meta property=\"og:image:width\" content=\"1920\" \/>\n\t<meta property=\"og:image:height\" content=\"480\" \/>\n\t<meta property=\"og:image:type\" content=\"image\/jpeg\" \/>\n<meta name=\"twitter:card\" content=\"summary_large_image\" \/>\n<meta name=\"twitter:site\" content=\"@GTC_iletisim\" \/>\n<meta name=\"twitter:label1\" content=\"Est. reading time\" \/>\n\t<meta name=\"twitter:data1\" content=\"4 minutes\" \/>\n<script type=\"application\/ld+json\" class=\"yoast-schema-graph\">{\"@context\":\"https:\\\/\\\/schema.org\",\"@graph\":[{\"@type\":\"WebPage\",\"@id\":\"https:\\\/\\\/www.gtc.com.tr\\\/referans\\\/\",\"url\":\"https:\\\/\\\/www.gtc.com.tr\\\/referans\\\/\",\"name\":\"Referanslar\u0131m\u0131z - Gtc\",\"isPartOf\":{\"@id\":\"https:\\\/\\\/www.gtc.com.tr\\\/#website\"},\"primaryImageOfPage\":{\"@id\":\"https:\\\/\\\/www.gtc.com.tr\\\/referans\\\/#primaryimage\"},\"image\":{\"@id\":\"https:\\\/\\\/www.gtc.com.tr\\\/referans\\\/#primaryimage\"},\"thumbnailUrl\":\"https:\\\/\\\/www.gtc.com.tr\\\/wp-content\\\/uploads\\\/2024\\\/07\\\/referans.jpg\",\"datePublished\":\"2023-02-24T08:38:13+00:00\",\"dateModified\":\"2026-01-30T12:00:00+00:00\",\"breadcrumb\":{\"@id\":\"https:\\\/\\\/www.gtc.com.tr\\\/referans\\\/#breadcrumb\"},\"inLanguage\":\"en-US\",\"potentialAction\":[{\"@type\":\"ReadAction\",\"target\":[\"https:\\\/\\\/www.gtc.com.tr\\\/referans\\\/\"]}]},{\"@type\":\"ImageObject\",\"inLanguage\":\"en-US\",\"@id\":\"https:\\\/\\\/www.gtc.com.tr\\\/referans\\\/#primaryimage\",\"url\":\"https:\\\/\\\/www.gtc.com.tr\\\/wp-content\\\/uploads\\\/2024\\\/07\\\/referans.jpg\",\"contentUrl\":\"https:\\\/\\\/www.gtc.com.tr\\\/wp-content\\\/uploads\\\/2024\\\/07\\\/referans.jpg\",\"width\":1920,\"height\":480},{\"@type\":\"BreadcrumbList\",\"@id\":\"https:\\\/\\\/www.gtc.com.tr\\\/referans\\\/#breadcrumb\",\"itemListElement\":[{\"@type\":\"ListItem\",\"position\":1,\"name\":\"Home\",\"item\":\"https:\\\/\\\/www.gtc.com.tr\\\/\"},{\"@type\":\"ListItem\",\"position\":2,\"name\":\"Referanslar\u0131m\u0131z\"}]},{\"@type\":\"WebSite\",\"@id\":\"https:\\\/\\\/www.gtc.com.tr\\\/#website\",\"url\":\"https:\\\/\\\/www.gtc.com.tr\\\/\",\"name\":\"Global Trending Communications\",\"description\":\"Global Trending &amp; Communications\",\"publisher\":{\"@id\":\"https:\\\/\\\/www.gtc.com.tr\\\/#organization\"},\"potentialAction\":[{\"@type\":\"SearchAction\",\"target\":{\"@type\":\"EntryPoint\",\"urlTemplate\":\"https:\\\/\\\/www.gtc.com.tr\\\/?s={search_term_string}\"},\"query-input\":{\"@type\":\"PropertyValueSpecification\",\"valueRequired\":true,\"valueName\":\"search_term_string\"}}],\"inLanguage\":\"en-US\"},{\"@type\":\"Organization\",\"@id\":\"https:\\\/\\\/www.gtc.com.tr\\\/#organization\",\"name\":\"Global Trending Communications\",\"url\":\"https:\\\/\\\/www.gtc.com.tr\\\/\",\"logo\":{\"@type\":\"ImageObject\",\"inLanguage\":\"en-US\",\"@id\":\"https:\\\/\\\/www.gtc.com.tr\\\/#\\\/schema\\\/logo\\\/image\\\/\",\"url\":\"https:\\\/\\\/www.gtc.com.tr\\\/wp-content\\\/uploads\\\/2024\\\/01\\\/GTC-favicon.png\",\"contentUrl\":\"https:\\\/\\\/www.gtc.com.tr\\\/wp-content\\\/uploads\\\/2024\\\/01\\\/GTC-favicon.png\",\"width\":420,\"height\":408,\"caption\":\"Global Trending Communications\"},\"image\":{\"@id\":\"https:\\\/\\\/www.gtc.com.tr\\\/#\\\/schema\\\/logo\\\/image\\\/\"},\"sameAs\":[\"https:\\\/\\\/www.facebook.com\\\/GTCcommunication\\\/\",\"https:\\\/\\\/x.com\\\/GTC_iletisim\",\"https:\\\/\\\/www.linkedin.com\\\/company\\\/gtciletisimdanismanlik\\\/\",\"https:\\\/\\\/www.instagram.com\\\/gtc_communication\\\/\"]}]}<\/script>\n<!-- \/ Yoast SEO Premium plugin. -->","yoast_head_json":{"title":"Our References - Gtc","robots":{"index":"index","follow":"follow","max-snippet":"max-snippet:-1","max-image-preview":"max-image-preview:large","max-video-preview":"max-video-preview:-1"},"canonical":"https:\/\/www.gtc.com.tr\/en\/reference\/","og_locale":"en_US","og_type":"article","og_title":"Referanslar\u0131m\u0131z","og_url":"https:\/\/www.gtc.com.tr\/en\/reference\/","og_site_name":"Gtc","article_publisher":"https:\/\/www.facebook.com\/GTCcommunication\/","article_modified_time":"2026-01-30T12:00:00+00:00","og_image":[{"width":1920,"height":480,"url":"https:\/\/www.gtc.com.tr\/wp-content\/uploads\/2024\/07\/referans.jpg","type":"image\/jpeg"}],"twitter_card":"summary_large_image","twitter_site":"@GTC_iletisim","twitter_misc":{"Est. reading time":"4 minutes"},"schema":{"@context":"https:\/\/schema.org","@graph":[{"@type":"WebPage","@id":"https:\/\/www.gtc.com.tr\/referans\/","url":"https:\/\/www.gtc.com.tr\/referans\/","name":"Our References - Gtc","isPartOf":{"@id":"https:\/\/www.gtc.com.tr\/#website"},"primaryImageOfPage":{"@id":"https:\/\/www.gtc.com.tr\/referans\/#primaryimage"},"image":{"@id":"https:\/\/www.gtc.com.tr\/referans\/#primaryimage"},"thumbnailUrl":"https:\/\/www.gtc.com.tr\/wp-content\/uploads\/2024\/07\/referans.jpg","datePublished":"2023-02-24T08:38:13+00:00","dateModified":"2026-01-30T12:00:00+00:00","breadcrumb":{"@id":"https:\/\/www.gtc.com.tr\/referans\/#breadcrumb"},"inLanguage":"en-US","potentialAction":[{"@type":"ReadAction","target":["https:\/\/www.gtc.com.tr\/referans\/"]}]},{"@type":"ImageObject","inLanguage":"en-US","@id":"https:\/\/www.gtc.com.tr\/referans\/#primaryimage","url":"https:\/\/www.gtc.com.tr\/wp-content\/uploads\/2024\/07\/referans.jpg","contentUrl":"https:\/\/www.gtc.com.tr\/wp-content\/uploads\/2024\/07\/referans.jpg","width":1920,"height":480},{"@type":"BreadcrumbList","@id":"https:\/\/www.gtc.com.tr\/referans\/#breadcrumb","itemListElement":[{"@type":"ListItem","position":1,"name":"Home","item":"https:\/\/www.gtc.com.tr\/"},{"@type":"ListItem","position":2,"name":"Referanslar\u0131m\u0131z"}]},{"@type":"WebSite","@id":"https:\/\/www.gtc.com.tr\/#website","url":"https:\/\/www.gtc.com.tr\/","name":"Global Trending Communications","description":"Global Trending &amp; Communications","publisher":{"@id":"https:\/\/www.gtc.com.tr\/#organization"},"potentialAction":[{"@type":"SearchAction","target":{"@type":"EntryPoint","urlTemplate":"https:\/\/www.gtc.com.tr\/?s={search_term_string}"},"query-input":{"@type":"PropertyValueSpecification","valueRequired":true,"valueName":"search_term_string"}}],"inLanguage":"en-US"},{"@type":"Organization","@id":"https:\/\/www.gtc.com.tr\/#organization","name":"Global Trending Communications","url":"https:\/\/www.gtc.com.tr\/","logo":{"@type":"ImageObject","inLanguage":"en-US","@id":"https:\/\/www.gtc.com.tr\/#\/schema\/logo\/image\/","url":"https:\/\/www.gtc.com.tr\/wp-content\/uploads\/2024\/01\/GTC-favicon.png","contentUrl":"https:\/\/www.gtc.com.tr\/wp-content\/uploads\/2024\/01\/GTC-favicon.png","width":420,"height":408,"caption":"Global Trending Communications"},"image":{"@id":"https:\/\/www.gtc.com.tr\/#\/schema\/logo\/image\/"},"sameAs":["https:\/\/www.facebook.com\/GTCcommunication\/","https:\/\/x.com\/GTC_iletisim","https:\/\/www.linkedin.com\/company\/gtciletisimdanismanlik\/","https:\/\/www.instagram.com\/gtc_communication\/"]}]}},"_links":{"self":[{"href":"https:\/\/www.gtc.com.tr\/en\/wp-json\/wp\/v2\/pages\/57567","targetHints":{"allow":["GET"]}}],"collection":[{"href":"https:\/\/www.gtc.com.tr\/en\/wp-json\/wp\/v2\/pages"}],"about":[{"href":"https:\/\/www.gtc.com.tr\/en\/wp-json\/wp\/v2\/types\/page"}],"author":[{"embeddable":true,"href":"https:\/\/www.gtc.com.tr\/en\/wp-json\/wp\/v2\/users\/3"}],"replies":[{"embeddable":true,"href":"https:\/\/www.gtc.com.tr\/en\/wp-json\/wp\/v2\/comments?post=57567"}],"version-history":[{"count":86,"href":"https:\/\/www.gtc.com.tr\/en\/wp-json\/wp\/v2\/pages\/57567\/revisions"}],"predecessor-version":[{"id":59760,"href":"https:\/\/www.gtc.com.tr\/en\/wp-json\/wp\/v2\/pages\/57567\/revisions\/59760"}],"wp:featuredmedia":[{"embeddable":true,"href":"https:\/\/www.gtc.com.tr\/en\/wp-json\/wp\/v2\/media\/59545"}],"wp:attachment":[{"href":"https:\/\/www.gtc.com.tr\/en\/wp-json\/wp\/v2\/media?parent=57567"}],"curies":[{"name":"wp","href":"https:\/\/api.w.org\/{rel}","templated":true}]}}