{"id":1600,"date":"2023-03-10T09:47:48","date_gmt":"2023-03-10T06:47:48","guid":{"rendered":"http:\/\/pitch.select-themes.com\/?page_id=1600"},"modified":"2025-01-20T16:29:10","modified_gmt":"2025-01-20T13:29:10","slug":"iletisim","status":"publish","type":"page","link":"https:\/\/www.gtc.com.tr\/en\/communication\/","title":{"rendered":"Contact"},"content":{"rendered":"<div      class=\"vc_row wpb_row section\" style=' padding-top:40px; padding-bottom:20px; text-align:left;'><div class=\"full_section_inner clearfix\"><div class=\"wpb_column vc_column_container vc_col-sm-12\"><div class=\"vc_column-inner\"><div class=\"wpb_wrapper\"><div class=\"custom_font_holder\" style=\"font-family: Montserrat; font-size: 25px; font-style: normal; font-weight: 700; color: #2e2e2e; text-decoration: none; letter-spacing: -0.5px;; text-transform: capitalize; text-align: center\" data-font-size=\"25\" ><div  ><h2 style=\"text-align: center;\">Contact Us<\/h2>\n<\/div><\/div><\/div><\/div><\/div><\/div><\/div><div      class=\"vc_row wpb_row section  form\" style=' padding-bottom:15px; text-align:center;'><div class=\"full_section_inner clearfix\"><div class=\"wpb_column vc_column_container vc_col-sm-12\"><div class=\"vc_column-inner\"><div class=\"wpb_wrapper\">\n<div class=\"wpcf7 no-js\" id=\"wpcf7-f6-o1\" lang=\"tr-TR\" dir=\"ltr\" data-wpcf7-id=\"6\">\n<div class=\"screen-reader-response\"><p role=\"status\" aria-live=\"polite\" aria-atomic=\"true\"><\/p> <ul><\/ul><\/div>\n<form action=\"\/en\/wp-json\/wp\/v2\/pages\/1600#wpcf7-f6-o1\" method=\"post\" class=\"wpcf7-form init cf7_custom_style_1\" aria-label=\"\u0130leti\u015fim Formu\" novalidate=\"novalidate\" data-status=\"init\" data-trp-original-action=\"\/en\/wp-json\/wp\/v2\/pages\/1600#wpcf7-f6-o1\">\n<fieldset class=\"hidden-fields-container\"><input type=\"hidden\" name=\"_wpcf7\" value=\"6\" \/><input type=\"hidden\" name=\"_wpcf7_version\" value=\"6.1.5\" \/><input type=\"hidden\" name=\"_wpcf7_locale\" value=\"tr_TR\" \/><input type=\"hidden\" name=\"_wpcf7_unit_tag\" value=\"wpcf7-f6-o1\" \/><input type=\"hidden\" name=\"_wpcf7_container_post\" value=\"0\" \/><input type=\"hidden\" name=\"_wpcf7_posted_data_hash\" value=\"\" \/>\n<\/fieldset>\n<p><label> Ad\u0131n\u0131z Soyad\u0131n\u0131z<br \/>\n<span class=\"wpcf7-form-control-wrap\" data-name=\"your-name\"><input size=\"40\" maxlength=\"400\" class=\"wpcf7-form-control wpcf7-text wpcf7-validates-as-required\" autocomplete=\"name\" aria-required=\"true\" aria-invalid=\"false\" value=\"\" type=\"text\" name=\"your-name\" \/><\/span> <\/label>\n<\/p>\n<p><label> E-mail adresiniz<br \/>\n<span class=\"wpcf7-form-control-wrap\" data-name=\"your-email\"><input size=\"40\" maxlength=\"400\" class=\"wpcf7-form-control wpcf7-email wpcf7-validates-as-required wpcf7-text wpcf7-validates-as-email\" autocomplete=\"email\" aria-required=\"true\" aria-invalid=\"false\" value=\"\" type=\"email\" name=\"your-email\" \/><\/span> <\/label>\n<\/p>\n<p><label> Konu<br \/>\n<span class=\"wpcf7-form-control-wrap\" data-name=\"your-subject\"><input size=\"40\" maxlength=\"400\" class=\"wpcf7-form-control wpcf7-text wpcf7-validates-as-required\" aria-required=\"true\" aria-invalid=\"false\" value=\"\" type=\"text\" name=\"your-subject\" \/><\/span> <\/label>\n<\/p>\n<p><label> Your message<br \/>\n<span class=\"wpcf7-form-control-wrap\" data-name=\"your-message\"><textarea cols=\"40\" rows=\"10\" maxlength=\"2000\" class=\"wpcf7-form-control wpcf7-textarea\" aria-invalid=\"false\" name=\"your-message\"><\/textarea><\/span> <\/label>\n<\/p>\n<p><input class=\"wpcf7-form-control wpcf7-submit has-spinner\" type=\"submit\" value=\"G\u00f6nder\" \/>\n<\/p><div class=\"wpcf7-response-output\" aria-hidden=\"true\"><\/div>\n<input type=\"hidden\" name=\"trp-form-language\" value=\"en\"\/><\/form>\n<\/div>\n<div class=\"separator  transparent\" style=\"margin-top:40px;margin-bottom:0px\"><\/div>\n<\/div><\/div><\/div><\/div><\/div><div      class=\"vc_row wpb_row section\" style=' padding-bottom:50px; text-align:center;'><div class=\"full_section_inner clearfix\"><div class=\"wpb_column vc_column_container vc_col-sm-6\"><div class=\"vc_column-inner\"><div class=\"wpb_wrapper\">\n\t<div class=\"wpb_text_column wpb_content_element\">\n\t\t<div class=\"wpb_wrapper\">\n\t\t\t<h3><strong>Our Istanbul Head Office<\/strong><\/h3>\n\n\t\t<\/div> \n\t<\/div> \n\t<div class=\"wpb_text_column wpb_content_element\">\n\t\t<div class=\"wpb_wrapper\">\n\t\t\t<p><iframe loading=\"lazy\" style=\"border: 0;\" src=\"https:\/\/www.google.com\/maps\/embed?pb=!1m18!1m12!1m3!1d265.967645832835!2d28.98625583005484!3d41.04537051142177!2m3!1f0!2f0!3f0!3m2!1i1024!2i768!4f13.1!3m3!1m2!1s0x14cab771b14de675%3A0x21eec024c1234e8c!2zR1RDIMSwbGV0acWfaW0gRGFuxLHFn21hbmzEsWsgLSDEsHN0YW5idWw!5e0!3m2!1str!2str!4v1682500108578!5m2!1str!2str\" width=\"600\" height=\"450\" allowfullscreen=\"allowfullscreen\"><\/iframe><\/p>\n\n\t\t<\/div> \n\t<\/div> <\/div><\/div><\/div><div class=\"wpb_column vc_column_container vc_col-sm-6\"><div class=\"vc_column-inner\"><div class=\"wpb_wrapper\">\n\t<div class=\"wpb_text_column wpb_content_element\">\n\t\t<div class=\"wpb_wrapper\">\n\t\t\t<h3><strong>Our Ankara Office<\/strong><\/h3>\n\n\t\t<\/div> \n\t<\/div> \n\t<div class=\"wpb_text_column wpb_content_element\">\n\t\t<div class=\"wpb_wrapper\">\n\t\t\t<p><iframe loading=\"lazy\" style=\"border: 0;\" src=\"https:\/\/www.google.com\/maps\/embed?pb=!1m18!1m12!1m3!1d3060.410919832263!2d32.80958887603146!3d39.90981947152571!2m3!1f0!2f0!3f0!3m2!1i1024!2i768!4f13.1!3m3!1m2!1s0x14d34f0035796065%3A0x4d8dfd8a4c81ee67!2sKolektif%20House%20Next%20Level!5e0!3m2!1str!2str!4v1737379721716!5m2!1str!2str\" width=\"600\" height=\"450\" allowfullscreen=\"allowfullscreen\"><\/iframe><\/p>\n\n\t\t<\/div> \n\t<\/div> <\/div><\/div><\/div><\/div><\/div>","protected":false},"excerpt":{"rendered":"Bizimle \u0130leti\u015fime Ge\u00e7in Ad\u0131n\u0131z Soyad\u0131n\u0131z E-mail adresiniz Konu Mesaj\u0131n\u0131z \u0130stanbul Merkez Ofisimiz Ankara Ofisimiz","protected":false},"author":3,"featured_media":0,"parent":0,"menu_order":0,"comment_status":"closed","ping_status":"closed","template":"full_width.php","meta":{"footnotes":""},"class_list":["post-1600","page","type-page","status-publish","hentry"],"yoast_head":"<!-- This site is optimized with the Yoast SEO Premium plugin v21.6 (Yoast SEO v27.6) - https:\/\/yoast.com\/product\/yoast-seo-premium-wordpress\/ -->\n<title>\u0130leti\u015fim - Gtc<\/title>\n<meta name=\"robots\" content=\"index, follow, max-snippet:-1, max-image-preview:large, max-video-preview:-1\" \/>\n<link rel=\"canonical\" href=\"https:\/\/www.gtc.com.tr\/en\/communication\/\" \/>\n<meta property=\"og:locale\" content=\"en_US\" \/>\n<meta property=\"og:type\" content=\"article\" \/>\n<meta property=\"og:title\" content=\"\u0130leti\u015fim\" \/>\n<meta property=\"og:url\" content=\"https:\/\/www.gtc.com.tr\/en\/communication\/\" \/>\n<meta property=\"og:site_name\" content=\"Gtc\" \/>\n<meta property=\"article:publisher\" content=\"https:\/\/www.facebook.com\/GTCcommunication\/\" \/>\n<meta property=\"article:modified_time\" content=\"2025-01-20T13:29:10+00:00\" \/>\n<meta name=\"twitter:card\" content=\"summary_large_image\" \/>\n<meta name=\"twitter:site\" content=\"@GTC_iletisim\" \/>\n<meta name=\"twitter:label1\" content=\"Est. reading time\" \/>\n\t<meta name=\"twitter:data1\" content=\"1 minute\" \/>\n<script type=\"application\/ld+json\" class=\"yoast-schema-graph\">{\"@context\":\"https:\\\/\\\/schema.org\",\"@graph\":[{\"@type\":\"WebPage\",\"@id\":\"https:\\\/\\\/www.gtc.com.tr\\\/iletisim\\\/\",\"url\":\"https:\\\/\\\/www.gtc.com.tr\\\/iletisim\\\/\",\"name\":\"\u0130leti\u015fim - Gtc\",\"isPartOf\":{\"@id\":\"https:\\\/\\\/www.gtc.com.tr\\\/#website\"},\"datePublished\":\"2023-03-10T06:47:48+00:00\",\"dateModified\":\"2025-01-20T13:29:10+00:00\",\"breadcrumb\":{\"@id\":\"https:\\\/\\\/www.gtc.com.tr\\\/iletisim\\\/#breadcrumb\"},\"inLanguage\":\"en-US\",\"potentialAction\":[{\"@type\":\"ReadAction\",\"target\":[\"https:\\\/\\\/www.gtc.com.tr\\\/iletisim\\\/\"]}]},{\"@type\":\"BreadcrumbList\",\"@id\":\"https:\\\/\\\/www.gtc.com.tr\\\/iletisim\\\/#breadcrumb\",\"itemListElement\":[{\"@type\":\"ListItem\",\"position\":1,\"name\":\"Home\",\"item\":\"https:\\\/\\\/www.gtc.com.tr\\\/\"},{\"@type\":\"ListItem\",\"position\":2,\"name\":\"\u0130leti\u015fim\"}]},{\"@type\":\"WebSite\",\"@id\":\"https:\\\/\\\/www.gtc.com.tr\\\/#website\",\"url\":\"https:\\\/\\\/www.gtc.com.tr\\\/\",\"name\":\"Global Trending Communications\",\"description\":\"Global Trending &amp; Communications\",\"publisher\":{\"@id\":\"https:\\\/\\\/www.gtc.com.tr\\\/#organization\"},\"potentialAction\":[{\"@type\":\"SearchAction\",\"target\":{\"@type\":\"EntryPoint\",\"urlTemplate\":\"https:\\\/\\\/www.gtc.com.tr\\\/?s={search_term_string}\"},\"query-input\":{\"@type\":\"PropertyValueSpecification\",\"valueRequired\":true,\"valueName\":\"search_term_string\"}}],\"inLanguage\":\"en-US\"},{\"@type\":\"Organization\",\"@id\":\"https:\\\/\\\/www.gtc.com.tr\\\/#organization\",\"name\":\"Global Trending Communications\",\"url\":\"https:\\\/\\\/www.gtc.com.tr\\\/\",\"logo\":{\"@type\":\"ImageObject\",\"inLanguage\":\"en-US\",\"@id\":\"https:\\\/\\\/www.gtc.com.tr\\\/#\\\/schema\\\/logo\\\/image\\\/\",\"url\":\"https:\\\/\\\/www.gtc.com.tr\\\/wp-content\\\/uploads\\\/2024\\\/01\\\/GTC-favicon.png\",\"contentUrl\":\"https:\\\/\\\/www.gtc.com.tr\\\/wp-content\\\/uploads\\\/2024\\\/01\\\/GTC-favicon.png\",\"width\":420,\"height\":408,\"caption\":\"Global Trending Communications\"},\"image\":{\"@id\":\"https:\\\/\\\/www.gtc.com.tr\\\/#\\\/schema\\\/logo\\\/image\\\/\"},\"sameAs\":[\"https:\\\/\\\/www.facebook.com\\\/GTCcommunication\\\/\",\"https:\\\/\\\/x.com\\\/GTC_iletisim\",\"https:\\\/\\\/www.linkedin.com\\\/company\\\/gtciletisimdanismanlik\\\/\",\"https:\\\/\\\/www.instagram.com\\\/gtc_communication\\\/\"]}]}<\/script>\n<!-- \/ Yoast SEO Premium plugin. -->","yoast_head_json":{"title":"Contact - Gtc","robots":{"index":"index","follow":"follow","max-snippet":"max-snippet:-1","max-image-preview":"max-image-preview:large","max-video-preview":"max-video-preview:-1"},"canonical":"https:\/\/www.gtc.com.tr\/en\/communication\/","og_locale":"en_US","og_type":"article","og_title":"\u0130leti\u015fim","og_url":"https:\/\/www.gtc.com.tr\/en\/communication\/","og_site_name":"Gtc","article_publisher":"https:\/\/www.facebook.com\/GTCcommunication\/","article_modified_time":"2025-01-20T13:29:10+00:00","twitter_card":"summary_large_image","twitter_site":"@GTC_iletisim","twitter_misc":{"Est. reading time":"1 minute"},"schema":{"@context":"https:\/\/schema.org","@graph":[{"@type":"WebPage","@id":"https:\/\/www.gtc.com.tr\/iletisim\/","url":"https:\/\/www.gtc.com.tr\/iletisim\/","name":"Contact - Gtc","isPartOf":{"@id":"https:\/\/www.gtc.com.tr\/#website"},"datePublished":"2023-03-10T06:47:48+00:00","dateModified":"2025-01-20T13:29:10+00:00","breadcrumb":{"@id":"https:\/\/www.gtc.com.tr\/iletisim\/#breadcrumb"},"inLanguage":"en-US","potentialAction":[{"@type":"ReadAction","target":["https:\/\/www.gtc.com.tr\/iletisim\/"]}]},{"@type":"BreadcrumbList","@id":"https:\/\/www.gtc.com.tr\/iletisim\/#breadcrumb","itemListElement":[{"@type":"ListItem","position":1,"name":"Home","item":"https:\/\/www.gtc.com.tr\/"},{"@type":"ListItem","position":2,"name":"\u0130leti\u015fim"}]},{"@type":"WebSite","@id":"https:\/\/www.gtc.com.tr\/#website","url":"https:\/\/www.gtc.com.tr\/","name":"Global Trending Communications","description":"Global Trending &amp; Communications","publisher":{"@id":"https:\/\/www.gtc.com.tr\/#organization"},"potentialAction":[{"@type":"SearchAction","target":{"@type":"EntryPoint","urlTemplate":"https:\/\/www.gtc.com.tr\/?s={search_term_string}"},"query-input":{"@type":"PropertyValueSpecification","valueRequired":true,"valueName":"search_term_string"}}],"inLanguage":"en-US"},{"@type":"Organization","@id":"https:\/\/www.gtc.com.tr\/#organization","name":"Global Trending Communications","url":"https:\/\/www.gtc.com.tr\/","logo":{"@type":"ImageObject","inLanguage":"en-US","@id":"https:\/\/www.gtc.com.tr\/#\/schema\/logo\/image\/","url":"https:\/\/www.gtc.com.tr\/wp-content\/uploads\/2024\/01\/GTC-favicon.png","contentUrl":"https:\/\/www.gtc.com.tr\/wp-content\/uploads\/2024\/01\/GTC-favicon.png","width":420,"height":408,"caption":"Global Trending Communications"},"image":{"@id":"https:\/\/www.gtc.com.tr\/#\/schema\/logo\/image\/"},"sameAs":["https:\/\/www.facebook.com\/GTCcommunication\/","https:\/\/x.com\/GTC_iletisim","https:\/\/www.linkedin.com\/company\/gtciletisimdanismanlik\/","https:\/\/www.instagram.com\/gtc_communication\/"]}]}},"_links":{"self":[{"href":"https:\/\/www.gtc.com.tr\/en\/wp-json\/wp\/v2\/pages\/1600","targetHints":{"allow":["GET"]}}],"collection":[{"href":"https:\/\/www.gtc.com.tr\/en\/wp-json\/wp\/v2\/pages"}],"about":[{"href":"https:\/\/www.gtc.com.tr\/en\/wp-json\/wp\/v2\/types\/page"}],"author":[{"embeddable":true,"href":"https:\/\/www.gtc.com.tr\/en\/wp-json\/wp\/v2\/users\/3"}],"replies":[{"embeddable":true,"href":"https:\/\/www.gtc.com.tr\/en\/wp-json\/wp\/v2\/comments?post=1600"}],"version-history":[{"count":42,"href":"https:\/\/www.gtc.com.tr\/en\/wp-json\/wp\/v2\/pages\/1600\/revisions"}],"predecessor-version":[{"id":59642,"href":"https:\/\/www.gtc.com.tr\/en\/wp-json\/wp\/v2\/pages\/1600\/revisions\/59642"}],"wp:attachment":[{"href":"https:\/\/www.gtc.com.tr\/en\/wp-json\/wp\/v2\/media?parent=1600"}],"curies":[{"name":"wp","href":"https:\/\/api.w.org\/{rel}","templated":true}]}}